{"id":16890,"date":"2024-10-06T20:08:17","date_gmt":"2024-10-06T17:08:17","guid":{"rendered":"https:\/\/doctorvasiliadis.gr\/?page_id=16890"},"modified":"2024-10-06T21:23:02","modified_gmt":"2024-10-06T18:23:02","slug":"contactalbanian","status":"publish","type":"page","link":"https:\/\/doctorvasiliadis.gr\/?page_id=16890","title":{"rendered":"ContactALBANIAN"},"content":{"rendered":"<div id=\"pl-16890\"  class=\"panel-layout\" ><div id=\"pg-16890-0\"  class=\"panel-grid panel-has-style\" ><div class=\"siteorigin-panels-stretch panel-row-style panel-row-style-for-16890-0\" id=\"contact\" data-stretch-type=\"full\" ><div id=\"pgc-16890-0-0\"  class=\"panel-grid-cell\" ><div id=\"panel-16890-0-0-0\" class=\"so-panel widget widget_sow-headline panel-first-child\" data-index=\"0\" ><div class=\"panel-widget-style panel-widget-style-for-16890-0-0-0\" ><div\n\t\t\t\n\t\t\tclass=\"so-widget-sow-headline so-widget-sow-headline-default-8271a778755c-16890 so-widget-fittext-wrapper\"\n\t\t\t data-fit-text-compressor=\"0.85\"\n\t\t><div class=\"sow-headline-container \">\n\t\t\t\t\t\t\t<h2 class=\"sow-headline\">\n\t\t\t\t\t\t<b>NA KONTAKTONI <\/b>...\t\t\t\t\t\t<\/h2>\n\t\t\t\t\t\t\t\t\t\t\t\t<p class=\"sow-sub-headline\">\n\t\t\t\t\t\td\u00ebrgoni numrin tuaj AMKA n\u00eb m\u00ebnyr\u00eb q\u00eb ne t'ju tregojm\u00eb n\u00ebse keni nj\u00eb referim ose keni caktuar nj\u00eb takim\t\t\t\t\t\t<\/p>\n\t\t\t\t\t\t<\/div>\n<\/div><\/div><\/div><div id=\"panel-16890-0-0-1\" class=\"so-panel widget widget_sow-contact-form panel-last-child\" data-index=\"1\" ><div class=\"panel-widget-style panel-widget-style-for-16890-0-0-1\" ><div\n\t\t\t\n\t\t\tclass=\"so-widget-sow-contact-form so-widget-sow-contact-form-default-da4a6127525b-16890\"\n\t\t\t\n\t\t>\t<form\n\t\taction=\"\/index.php?rest_route=%2Fwp%2Fv2%2Fpages%2F16890\"\n\t\tmethod=\"POST\"\n\t\tclass=\"sow-contact-form\"\n\t\tid=\"contact-form-7981\"\n\t>\n\n\t\t\n\t\t            <p><em>Ju lutemi plot\u00ebsoni t\u00eb gjitha<\/em><\/p>\n\t\t\t\t\t\t<div class=\"sow-form-field sow-form-field-name\">\n\t\t\t\t<label class=\"sow-form-field-label-above\" for=\"sow-contact-form-field-emri-1\">\n\t\t\t\t<strong>\n\t\t\t\t\tEmri\t\t\t\t\t\t\t\t\t\t\t<span class=\"sow-form-field-required\">*<\/span>\n\t\t\t\t\t\t\t\t\t<\/strong>\n\t\t\t<\/label>\n\t\t\t\t\t\t\t<div class=\"sow-field-container\">\n\t\t\t\t\t\t\t<input\n\t\t\ttype=\"text\"\n\t\t\tname=\"emri-1\"\n\t\t\tid=\"sow-contact-form-field-emri-1\"\n\t\t\tvalue=\"\"\n\t\t\tclass=\"sow-text-field\"\n\t\t\t\t\t\t\t\t\/>\n\t\t\t\t\t\t<\/div>\n\t\t\t\t\t\t\t<\/div>\n\t\t\t\t\t\t<div class=\"sow-form-field sow-form-field-email\">\n\t\t\t\t<label class=\"sow-form-field-label-above\" for=\"sow-contact-form-field-email-i-juaj-1\">\n\t\t\t\t<strong>\n\t\t\t\t\tEmail-i juaj\t\t\t\t\t\t\t\t\t\t\t<span class=\"sow-form-field-required\">*<\/span>\n\t\t\t\t\t\t\t\t\t<\/strong>\n\t\t\t<\/label>\n\t\t\t\t\t\t\t<div class=\"sow-field-container\">\n\t\t\t\t\t\t\t<input\n\t\t\ttype=\"email\"\n\t\t\tname=\"email-i-juaj-1\"\n\t\t\tid=\"sow-contact-form-field-email-i-juaj-1\"\n\t\t\tvalue=\"\"\n\t\t\tclass=\"sow-text-field\"\t\t\t\t\t\t\t\t\/>\n\t\t\t\t\t\t<\/div>\n\t\t\t\t\t\t\t<\/div>\n\t\t\t\t\t\t<div class=\"sow-form-field sow-form-field-subject\">\n\t\t\t\t<label class=\"sow-form-field-label-above\" for=\"sow-contact-form-field-subjekt-1\">\n\t\t\t\t<strong>\n\t\t\t\t\tsubjekt\t\t\t\t\t\t\t\t\t\t\t<span class=\"sow-form-field-required\">*<\/span>\n\t\t\t\t\t\t\t\t\t<\/strong>\n\t\t\t<\/label>\n\t\t\t\t\t\t\t<div class=\"sow-field-container\">\n\t\t\t\t\t\t\t<input\n\t\t\ttype=\"text\"\n\t\t\tname=\"subjekt-1\"\n\t\t\tid=\"sow-contact-form-field-subjekt-1\"\n\t\t\tvalue=\"\"\n\t\t\tclass=\"sow-text-field\"\n\t\t\t\t\t\t\t\t\/>\n\t\t\t\t\t\t<\/div>\n\t\t\t\t\t\t\t<\/div>\n\t\t\t\t\t\t<div class=\"sow-form-field sow-form-field-textarea\">\n\t\t\t\t<label class=\"sow-form-field-label-above\" for=\"sow-contact-form-field-mesazh-1\">\n\t\t\t\t<strong>\n\t\t\t\t\tMESAZH\t\t\t\t\t\t\t\t\t\t\t<span class=\"sow-form-field-required\">*<\/span>\n\t\t\t\t\t\t\t\t\t<\/strong>\n\t\t\t<\/label>\n\t\t\t\t\t\t\t<div class=\"sow-field-container\">\n\t\t\t\t\t\t\t<textarea\n\t\t\tname=\"mesazh-1\"\n\t\t\tid=\"sow-contact-form-field-mesazh-1\"\n\t\t\trows=\"10\"\n\t\t\t\t\t\t\t\t><\/textarea>\n\t\t\t\t\t\t<\/div>\n\t\t\t\t\t\t\t<\/div>\n\t\t\t\n\t\t\t\t\t<div class=\"sow-recaptcha\"\n\t\t\t\t\t\t\t\t\tdata-config=\"{&quot;sitekey&quot;:&quot;6Le-I0UoAAAAAOiGXLBANSJLvHlOUBGiu7g8kn00&quot;,&quot;theme&quot;:&quot;light&quot;,&quot;type&quot;:&quot;image&quot;,&quot;size&quot;:&quot;normal&quot;}\"\n\t\t\t\t\t\t\t><\/div>\n\t\t\t\n\t\t<div class=\"sow-submit-wrapper \n\t\tsow-submit-styled\t\t\">\n\n\t\t\t<button\n\t\t\t\ttype=\"submit\"\n\t\t\t\tclass=\"sow-submit\n\t\t\t\t\t\t\t\t\"\n\t\t\t\t\t\t\t>\n\t\t\t\tParaqisni\t\t\t<\/button>\n\t\t<\/div>\n\t\t\t\t<input\n\t\t\ttype=\"hidden\"\n\t\t\tname=\"instance_hash-1\"\n\t\t\tvalue=\"798167c5\"\n\t\t\/>\n\n\t\t<input type=\"hidden\" id=\"_wpnonce\" name=\"_wpnonce\" value=\"353bb2f467\" \/><input type=\"hidden\" name=\"_wp_http_referer\" value=\"\/index.php?rest_route=%2Fwp%2Fv2%2Fpages%2F16890\" \/>\t<\/form>\n\t<\/div><\/div><\/div><\/div><\/div><\/div><div id=\"pg-16890-1\"  class=\"panel-grid panel-no-style\" ><div id=\"pgc-16890-1-0\"  class=\"panel-grid-cell panel-grid-cell-empty\" ><\/div><div id=\"pgc-16890-1-1\"  class=\"panel-grid-cell panel-grid-cell-mobile-last\" ><div id=\"panel-16890-1-1-0\" class=\"so-panel widget widget_sow-button panel-first-child panel-last-child\" data-index=\"2\" ><div\n\t\t\t\n\t\t\tclass=\"so-widget-sow-button so-widget-sow-button-flat-de451cb987a2-16890\"\n\t\t\t\n\t\t><div class=\"ow-button-base ow-button-align-center\"\n>\n\t\t\t<a\n\t\t\t\t\thref=\"https:\/\/doctorvasiliadis.gr\/?page_id=15138\"\n\t\t\t\t\tclass=\"sowb-button ow-icon-placement-left ow-button-hover\" \t>\n\t\t<span>\n\t\t\t\n\t\t\t<strong>Kthimi<\/strong>\t\t<\/span>\n\t\t\t<\/a>\n\t<\/div>\n<\/div><\/div><\/div><div id=\"pgc-16890-1-2\"  class=\"panel-grid-cell panel-grid-cell-empty\" ><\/div><\/div><\/div>","protected":false},"excerpt":{"rendered":"<p>NA KONTAKTONI &#8230; d\u00ebrgoni numrin tuaj AMKA n\u00eb m\u00ebnyr\u00eb q\u00eb ne t&#8217;ju tregojm\u00eb n\u00ebse keni nj\u00eb referim ose keni caktuar nj\u00eb takim Ju lutemi plot\u00ebsoni t\u00eb gjitha Emri * Email-i juaj * subjekt * MESAZH * Paraqisni Kthimi<\/p>\n","protected":false},"author":1,"featured_media":0,"parent":0,"menu_order":0,"comment_status":"closed","ping_status":"closed","template":"","meta":{"footnotes":""},"class_list":["post-16890","page","type-page","status-publish","hentry","post"],"_links":{"self":[{"href":"https:\/\/doctorvasiliadis.gr\/index.php?rest_route=\/wp\/v2\/pages\/16890","targetHints":{"allow":["GET"]}}],"collection":[{"href":"https:\/\/doctorvasiliadis.gr\/index.php?rest_route=\/wp\/v2\/pages"}],"about":[{"href":"https:\/\/doctorvasiliadis.gr\/index.php?rest_route=\/wp\/v2\/types\/page"}],"author":[{"embeddable":true,"href":"https:\/\/doctorvasiliadis.gr\/index.php?rest_route=\/wp\/v2\/users\/1"}],"replies":[{"embeddable":true,"href":"https:\/\/doctorvasiliadis.gr\/index.php?rest_route=%2Fwp%2Fv2%2Fcomments&post=16890"}],"version-history":[{"count":3,"href":"https:\/\/doctorvasiliadis.gr\/index.php?rest_route=\/wp\/v2\/pages\/16890\/revisions"}],"predecessor-version":[{"id":16907,"href":"https:\/\/doctorvasiliadis.gr\/index.php?rest_route=\/wp\/v2\/pages\/16890\/revisions\/16907"}],"wp:attachment":[{"href":"https:\/\/doctorvasiliadis.gr\/index.php?rest_route=%2Fwp%2Fv2%2Fmedia&parent=16890"}],"curies":[{"name":"wp","href":"https:\/\/api.w.org\/{rel}","templated":true}]}}