{"id":15291,"date":"2024-07-21T22:20:09","date_gmt":"2024-07-21T19:20:09","guid":{"rendered":"https:\/\/doctorvasiliadis.gr\/?page_id=15291"},"modified":"2025-01-01T13:42:58","modified_gmt":"2025-01-01T11:42:58","slug":"papproceedturk","status":"publish","type":"page","link":"https:\/\/doctorvasiliadis.gr\/?page_id=15291","title":{"rendered":"papproceedturk"},"content":{"rendered":"<div id=\"pl-15291\"  class=\"panel-layout\" ><div id=\"pg-15291-0\"  class=\"panel-grid panel-has-style\" ><div class=\"siteorigin-panels-stretch panel-row-style panel-row-style-for-15291-0\" data-stretch-type=\"full-width-stretch\" ><div id=\"pgc-15291-0-0\"  class=\"panel-grid-cell\" ><div id=\"panel-15291-0-0-0\" class=\"so-panel widget widget_sow-editor panel-first-child panel-last-child\" data-index=\"0\" ><div class=\"panel-widget-style panel-widget-style-for-15291-0-0-0\" ><div\n\t\t\t\n\t\t\tclass=\"so-widget-sow-editor so-widget-sow-editor-base\"\n\t\t\t\n\t\t>\n<div class=\"siteorigin-widget-tinymce textwidget\">\n\t<p><span style=\"font-family: 'arial black', sans-serif; color: #808080;\"><strong><span style=\"font-size: 20px;\">Madde 10 PAP-TEST sonu\u00e7 raporu<\/span><\/strong><\/span><br \/>\n<span style=\"font-family: arial, helvetica, sans-serif;\"><strong><span style=\"font-size: 20px;\">PAP-TEST s\u0131nav\u0131 sonucunun kaydedilmesi, yararlan\u0131c\u0131ya bildirimden \u00f6nce yap\u0131l\u0131r.<\/span><\/strong><\/span><br \/>\n<span style=\"font-family: arial, helvetica, sans-serif; color: #800000;\"><strong><span style=\"font-size: 20px;\">Yararlan\u0131c\u0131ya muayene sonucu ve eylemin uygulanmas\u0131n\u0131n sonraki a\u015famalar\u0131 hakk\u0131nda sevkin yap\u0131ld\u0131\u011f\u0131 sa\u011fl\u0131k biriminin doktoru taraf\u0131ndan yaz\u0131l\u0131 olarak bilgi verilir.<\/span><\/strong><\/span><\/p>\n<p><img loading=\"lazy\" decoding=\"async\" class=\"aligncenter wp-image-15292 size-large\" src=\"https:\/\/doctorvasiliadis.gr\/wp-content\/uploads\/2024\/07\/pap4turk-1024x503.png\" alt=\"\" width=\"1024\" height=\"503\" srcset=\"https:\/\/doctorvasiliadis.gr\/wp-content\/uploads\/2024\/07\/pap4turk-1024x503.png 1024w, https:\/\/doctorvasiliadis.gr\/wp-content\/uploads\/2024\/07\/pap4turk-300x147.png 300w, https:\/\/doctorvasiliadis.gr\/wp-content\/uploads\/2024\/07\/pap4turk-768x377.png 768w, https:\/\/doctorvasiliadis.gr\/wp-content\/uploads\/2024\/07\/pap4turk.png 1434w\" sizes=\"auto, (max-width: 1024px) 100vw, 1024px\" \/><\/p>\n<p style=\"text-align: center;\"><strong><span style=\"font-size: 24px; font-family: arial, helvetica, sans-serif;\"><span style=\"color: #808080;\">Atina merkezi\u00a0i\u00e7in\u00a0electronik randevu alabilirsiniz <a href=\"https:\/\/doctorvasiliadis.gr\/?page_id=16926\">buraya bas<\/a><br \/>\ntelefonda\u00a0 2105203353<br \/>\nKolposkopi veya biopsiyi herhangi bir \u00fccret \u00f6demeden yapt\u0131rmak i\u00e7in<br \/>\nAtina merkezi i\u00e7in bizi burada bulacaks\u0131n <a href=\"https:\/\/www.google.gr\/maps\/place\/%CE%98%CE%B5%CF%8C%CE%B4%CF%89%CF%81%CE%BF%CF%82+%CE%9E%CE%B5%CE%BD.+%CE%92%CE%B1%CF%83%CE%B9%CE%BB%CE%B5%CE%B9%CE%AC%CE%B4%CE%B7%CF%82,+%CE%9C%CE%B1%CE%B9%CE%B5%CF%85%CF%84%CE%AE%CF%81%CE%B1%CF%82+%CE%A7%CE%B5%CE%B9%CF%81%CE%BF%CF%8D%CF%81%CE%B3%CE%BF%CF%82+%CE%93%CF%85%CE%BD%CE%B1%CE%B9%CE%BA%CE%BF%CE%BB%CF%8C%CE%B3%CE%BF%CF%82\/@37.9870568,23.7274492,15z\/data=!4m6!3m5!1s0x14a1bd2e2774f331:0x7aef8af1441b9dee!8m2!3d37.9872234!4d23.7273184!16s%2Fg%2F1tcwb_4k?entry=ttu\">buraya bas<\/a><br \/>\n<\/span><\/span><\/strong><\/p>\n<p>&nbsp;<\/p>\n<p style=\"text-align: center;\"><span style=\"font-family: arial, helvetica, sans-serif; font-size: 24px;\"><strong>\u00a0<\/strong><\/span><\/p>\n<\/div>\n<\/div><\/div><\/div><\/div><\/div><\/div><div id=\"pg-15291-1\"  class=\"panel-grid panel-no-style\" ><div id=\"pgc-15291-1-0\"  class=\"panel-grid-cell\" ><div id=\"panel-15291-1-0-0\" class=\"so-panel widget widget_sow-button panel-first-child panel-last-child\" data-index=\"1\" ><div\n\t\t\t\n\t\t\tclass=\"so-widget-sow-button so-widget-sow-button-flat-2c870981db18-15291\"\n\t\t\t\n\t\t><div class=\"ow-button-base ow-button-align-center\"\n>\n\t\t\t<a\n\t\t\t\t\thref=\"https:\/\/doctorvasiliadis.gr\/?page_id=15279\"\n\t\t\t\t\tclass=\"sowb-button ow-icon-placement-left ow-button-hover\" \t>\n\t\t<span>\n\t\t\t\n\t\t\tEyleme kimler kat\u0131l\u0131yor?\t\t<\/span>\n\t\t\t<\/a>\n\t<\/div>\n<\/div><\/div><\/div><div id=\"pgc-15291-1-1\"  class=\"panel-grid-cell\" ><div id=\"panel-15291-1-1-0\" class=\"so-panel widget widget_sow-button panel-first-child panel-last-child\" data-index=\"2\" ><div\n\t\t\t\n\t\t\tclass=\"so-widget-sow-button so-widget-sow-button-flat-2c870981db18-15291\"\n\t\t\t\n\t\t><div class=\"ow-button-base ow-button-align-center\"\n>\n\t\t\t<a\n\t\t\t\t\thref=\"https:\/\/doctorvasiliadis.gr\/?page_id=15287\"\n\t\t\t\t\tclass=\"sowb-button ow-icon-placement-left ow-button-hover\" \t>\n\t\t<span>\n\t\t\t\n\t\t\tEyleme nas\u0131l kat\u0131l\u0131yor?\t\t<\/span>\n\t\t\t<\/a>\n\t<\/div>\n<\/div><\/div><\/div><div id=\"pgc-15291-1-2\"  class=\"panel-grid-cell\" ><div id=\"panel-15291-1-2-0\" class=\"so-panel widget widget_sow-button panel-first-child panel-last-child\" data-index=\"3\" ><div\n\t\t\t\n\t\t\tclass=\"so-widget-sow-button so-widget-sow-button-flat-2c870981db18-15291\"\n\t\t\t\n\t\t><div class=\"ow-button-base ow-button-align-center\"\n>\n\t\t\t<a\n\t\t\t\t\thref=\"https:\/\/doctorvasiliadis.gr\/?page_id=15295\"\n\t\t\t\t\tclass=\"sowb-button ow-icon-placement-left ow-button-hover\" \t>\n\t\t<span>\n\t\t\t\n\t\t\tAnormal HPV-DNA y\u00f6netimi\t\t<\/span>\n\t\t\t<\/a>\n\t<\/div>\n<\/div><\/div><\/div><div id=\"pgc-15291-1-3\"  class=\"panel-grid-cell\" ><div id=\"panel-15291-1-3-0\" class=\"so-panel widget widget_sow-button panel-first-child panel-last-child\" data-index=\"4\" ><div\n\t\t\t\n\t\t\tclass=\"so-widget-sow-button so-widget-sow-button-flat-2c870981db18-15291\"\n\t\t\t\n\t\t><div class=\"ow-button-base ow-button-align-center\"\n>\n\t\t\t<a\n\t\t\t\t\thref=\"https:\/\/doctorvasiliadis.gr\/?page_id=15142\"\n\t\t\t\t\tclass=\"sowb-button ow-icon-placement-left ow-button-hover\" \t>\n\t\t<span>\n\t\t\t\n\t\t\tT\u00fcrk Dili Ana Sayfas\u0131na D\u00f6n\t\t<\/span>\n\t\t\t<\/a>\n\t<\/div>\n<\/div><\/div><\/div><\/div><div id=\"pg-15291-2\"  class=\"panel-grid panel-has-style\" ><div class=\"siteorigin-panels-stretch panel-row-style panel-row-style-for-15291-2\" id=\"contact\" data-stretch-type=\"full\" ><div id=\"pgc-15291-2-0\"  class=\"panel-grid-cell\" ><div id=\"panel-15291-2-0-0\" class=\"so-panel widget widget_sow-headline panel-first-child\" data-index=\"5\" ><div class=\"panel-widget-style panel-widget-style-for-15291-2-0-0\" ><div\n\t\t\t\n\t\t\tclass=\"so-widget-sow-headline so-widget-sow-headline-default-8271a778755c-15291 so-widget-fittext-wrapper\"\n\t\t\t data-fit-text-compressor=\"0.85\"\n\t\t><div class=\"sow-headline-container \">\n\t\t\t\t\t\t\t<h2 class=\"sow-headline\">\n\t\t\t\t\t\t<b>B\u0130ZE ULA\u015eIN <\/b>...\t\t\t\t\t\t<\/h2>\n\t\t\t\t\t\t\t\t\t\t\t\t<p class=\"sow-sub-headline\">\n\t\t\t\t\t\tAMKA numaran\u0131z\u0131 g\u00f6nderin, b\u00f6ylece size bir y\u00f6nlendirmeniz olup olmad\u0131\u011f\u0131n\u0131 veya randevu ayarlay\u0131p ayarlamad\u0131\u011f\u0131n\u0131z\u0131 s\u00f6yleyebiliriz\t\t\t\t\t\t<\/p>\n\t\t\t\t\t\t<\/div>\n<\/div><\/div><\/div><div id=\"panel-15291-2-0-1\" class=\"so-panel widget widget_sow-contact-form panel-last-child\" data-index=\"6\" ><div class=\"panel-widget-style panel-widget-style-for-15291-2-0-1\" ><div\n\t\t\t\n\t\t\tclass=\"so-widget-sow-contact-form so-widget-sow-contact-form-default-da4a6127525b-15291\"\n\t\t\t\n\t\t>\t<form\n\t\taction=\"\/index.php?rest_route=%2Fwp%2Fv2%2Fpages%2F15291\"\n\t\tmethod=\"POST\"\n\t\tclass=\"sow-contact-form\"\n\t\tid=\"contact-form-b8ad\"\n\t>\n\n\t\t\n\t\t            <p><em>L\u00fctfen hepsini doldurun<\/em><\/p>\n\t\t\t\t\t\t<div class=\"sow-form-field sow-form-field-name\">\n\t\t\t\t<label class=\"sow-form-field-label-above\" for=\"sow-contact-form-field-isim-1\">\n\t\t\t\t<strong>\n\t\t\t\t\t\u0130sim\t\t\t\t\t\t\t\t\t\t\t<span class=\"sow-form-field-required\">*<\/span>\n\t\t\t\t\t\t\t\t\t<\/strong>\n\t\t\t<\/label>\n\t\t\t\t\t\t\t<div class=\"sow-field-container\">\n\t\t\t\t\t\t\t<input\n\t\t\ttype=\"text\"\n\t\t\tname=\"isim-1\"\n\t\t\tid=\"sow-contact-form-field-isim-1\"\n\t\t\tvalue=\"\"\n\t\t\tclass=\"sow-text-field\"\n\t\t\t\t\t\t\t\t\/>\n\t\t\t\t\t\t<\/div>\n\t\t\t\t\t\t\t<\/div>\n\t\t\t\t\t\t<div class=\"sow-form-field sow-form-field-email\">\n\t\t\t\t<label class=\"sow-form-field-label-above\" for=\"sow-contact-form-field-e-posta-adresiniz-1\">\n\t\t\t\t<strong>\n\t\t\t\t\tE-posta adresiniz\t\t\t\t\t\t\t\t\t\t\t<span class=\"sow-form-field-required\">*<\/span>\n\t\t\t\t\t\t\t\t\t<\/strong>\n\t\t\t<\/label>\n\t\t\t\t\t\t\t<div class=\"sow-field-container\">\n\t\t\t\t\t\t\t<input\n\t\t\ttype=\"email\"\n\t\t\tname=\"e-posta-adresiniz-1\"\n\t\t\tid=\"sow-contact-form-field-e-posta-adresiniz-1\"\n\t\t\tvalue=\"\"\n\t\t\tclass=\"sow-text-field\"\t\t\t\t\t\t\t\t\/>\n\t\t\t\t\t\t<\/div>\n\t\t\t\t\t\t\t<\/div>\n\t\t\t\t\t\t<div class=\"sow-form-field sow-form-field-subject\">\n\t\t\t\t<label class=\"sow-form-field-label-above\" for=\"sow-contact-form-field-konu-1\">\n\t\t\t\t<strong>\n\t\t\t\t\tKONU\t\t\t\t\t\t\t\t\t\t\t<span class=\"sow-form-field-required\">*<\/span>\n\t\t\t\t\t\t\t\t\t<\/strong>\n\t\t\t<\/label>\n\t\t\t\t\t\t\t<div class=\"sow-field-container\">\n\t\t\t\t\t\t\t<input\n\t\t\ttype=\"text\"\n\t\t\tname=\"konu-1\"\n\t\t\tid=\"sow-contact-form-field-konu-1\"\n\t\t\tvalue=\"\"\n\t\t\tclass=\"sow-text-field\"\n\t\t\t\t\t\t\t\t\/>\n\t\t\t\t\t\t<\/div>\n\t\t\t\t\t\t\t<\/div>\n\t\t\t\t\t\t<div class=\"sow-form-field sow-form-field-textarea\">\n\t\t\t\t<label class=\"sow-form-field-label-above\" for=\"sow-contact-form-field-ileti-1\">\n\t\t\t\t<strong>\n\t\t\t\t\t\u0130LET\u0130\t\t\t\t\t\t\t\t\t\t\t<span class=\"sow-form-field-required\">*<\/span>\n\t\t\t\t\t\t\t\t\t<\/strong>\n\t\t\t<\/label>\n\t\t\t\t\t\t\t<div class=\"sow-field-container\">\n\t\t\t\t\t\t\t<textarea\n\t\t\tname=\"ileti-1\"\n\t\t\tid=\"sow-contact-form-field-ileti-1\"\n\t\t\trows=\"10\"\n\t\t\t\t\t\t\t\t><\/textarea>\n\t\t\t\t\t\t<\/div>\n\t\t\t\t\t\t\t<\/div>\n\t\t\t\n\t\t\t\t\t<div class=\"sow-recaptcha\"\n\t\t\t\t\t\t\t\t\tdata-config=\"{&quot;sitekey&quot;:&quot;6Le-I0UoAAAAAOiGXLBANSJLvHlOUBGiu7g8kn00&quot;,&quot;theme&quot;:&quot;light&quot;,&quot;type&quot;:&quot;image&quot;,&quot;size&quot;:&quot;normal&quot;}\"\n\t\t\t\t\t\t\t><\/div>\n\t\t\t\n\t\t<div class=\"sow-submit-wrapper \n\t\tsow-submit-styled\t\t\">\n\n\t\t\t<button\n\t\t\t\ttype=\"submit\"\n\t\t\t\tclass=\"sow-submit\n\t\t\t\t\t\t\t\t\"\n\t\t\t\t\t\t\t>\n\t\t\t\tG\u00f6nder\t\t\t<\/button>\n\t\t<\/div>\n\t\t\t\t<input\n\t\t\ttype=\"hidden\"\n\t\t\tname=\"instance_hash-1\"\n\t\t\tvalue=\"b8ad3ec5\"\n\t\t\/>\n\n\t\t<input type=\"hidden\" id=\"_wpnonce\" name=\"_wpnonce\" value=\"76925304aa\" \/><input type=\"hidden\" name=\"_wp_http_referer\" value=\"\/index.php?rest_route=%2Fwp%2Fv2%2Fpages%2F15291\" \/>\t<\/form>\n\t<\/div><\/div><\/div><\/div><\/div><\/div><\/div>","protected":false},"excerpt":{"rendered":"<p>Madde 10 PAP-TEST sonu\u00e7 raporu PAP-TEST s\u0131nav\u0131 sonucunun kaydedilmesi, yararlan\u0131c\u0131ya bildirimden \u00f6nce yap\u0131l\u0131r. Yararlan\u0131c\u0131ya muayene sonucu ve eylemin uygulanmas\u0131n\u0131n sonraki a\u015famalar\u0131 hakk\u0131nda sevkin yap\u0131ld\u0131\u011f\u0131 sa\u011fl\u0131k biriminin doktoru taraf\u0131ndan yaz\u0131l\u0131 olarak bilgi verilir. Atina merkezi\u00a0i\u00e7in\u00a0electronik randevu alabilirsiniz buraya bas telefonda\u00a0 2105203353 Kolposkopi veya biopsiyi herhangi bir \u00fccret \u00f6demeden yapt\u0131rmak i\u00e7in Atina merkezi i\u00e7in bizi burada bulacaks\u0131n [&hellip;]<\/p>\n","protected":false},"author":1,"featured_media":0,"parent":0,"menu_order":0,"comment_status":"closed","ping_status":"closed","template":"","meta":{"footnotes":""},"class_list":["post-15291","page","type-page","status-publish","hentry","post"],"_links":{"self":[{"href":"https:\/\/doctorvasiliadis.gr\/index.php?rest_route=\/wp\/v2\/pages\/15291","targetHints":{"allow":["GET"]}}],"collection":[{"href":"https:\/\/doctorvasiliadis.gr\/index.php?rest_route=\/wp\/v2\/pages"}],"about":[{"href":"https:\/\/doctorvasiliadis.gr\/index.php?rest_route=\/wp\/v2\/types\/page"}],"author":[{"embeddable":true,"href":"https:\/\/doctorvasiliadis.gr\/index.php?rest_route=\/wp\/v2\/users\/1"}],"replies":[{"embeddable":true,"href":"https:\/\/doctorvasiliadis.gr\/index.php?rest_route=%2Fwp%2Fv2%2Fcomments&post=15291"}],"version-history":[{"count":4,"href":"https:\/\/doctorvasiliadis.gr\/index.php?rest_route=\/wp\/v2\/pages\/15291\/revisions"}],"predecessor-version":[{"id":17579,"href":"https:\/\/doctorvasiliadis.gr\/index.php?rest_route=\/wp\/v2\/pages\/15291\/revisions\/17579"}],"wp:attachment":[{"href":"https:\/\/doctorvasiliadis.gr\/index.php?rest_route=%2Fwp%2Fv2%2Fmedia&parent=15291"}],"curies":[{"name":"wp","href":"https:\/\/api.w.org\/{rel}","templated":true}]}}