{"id":15287,"date":"2024-07-21T21:47:16","date_gmt":"2024-07-21T18:47:16","guid":{"rendered":"https:\/\/doctorvasiliadis.gr\/?page_id=15287"},"modified":"2024-12-30T20:36:20","modified_gmt":"2024-12-30T18:36:20","slug":"paphowturk","status":"publish","type":"page","link":"https:\/\/doctorvasiliadis.gr\/?page_id=15287","title":{"rendered":"paphowturk"},"content":{"rendered":"<div id=\"pl-15287\"  class=\"panel-layout\" ><div id=\"pg-15287-0\"  class=\"panel-grid panel-has-style\" ><div class=\"siteorigin-panels-stretch panel-row-style panel-row-style-for-15287-0\" data-stretch-type=\"full-width-stretch\" ><div id=\"pgc-15287-0-0\"  class=\"panel-grid-cell\" ><div id=\"panel-15287-0-0-0\" class=\"so-panel widget widget_sow-accordion panel-first-child panel-last-child\" data-index=\"0\" ><div class=\"panel-widget-style panel-widget-style-for-15287-0-0-0\" ><div\n\t\t\t\n\t\t\tclass=\"so-widget-sow-accordion so-widget-sow-accordion-default-3f0ab4387594-15287\"\n\t\t\t data-max-open-panels=\"1\" data-initial-scroll-panel=\"0\" data-anchor-id=\"pappos\"\n\t\t><h3 class=\"widget-title\">Madde 3 Yararlan\u0131c\u0131lar\u0131n Projeye kat\u0131l\u0131m\u0131na ili\u015fkin ko\u015fullar ve prosed\u00fcr<\/h3><div>\n\t<div class=\"sow-accordion\">\n\t\t\t<div class=\"sow-accordion-panel\n\t\t\t\t\t\"\n\t\t\t\tdata-anchor-id=\"21-29-yas-araligindasiniz-ve-manevi-receteyi-aktif-hale-getirmissiniz\">\n\t\t\t\t\t<div class=\"sow-accordion-panel-header-container\" role=\"heading\" aria-level=\"2\">\n\t\t\t\t\t<div class=\"sow-accordion-panel-header\" tabindex=\"0\" role=\"button\" id=\"accordion-label-21-29-ya%c5%9f-aral%c4%b1%c4%9f%c4%b1ndas%c4%b1n%c4%b1z-ve-manevi-re%c3%a7eteyi-aktif-hale-getirmi%c5%9fsiniz\" aria-controls=\"accordion-content-21-29-ya%c5%9f-aral%c4%b1%c4%9f%c4%b1ndas%c4%b1n%c4%b1z-ve-manevi-re%c3%a7eteyi-aktif-hale-getirmi%c5%9fsiniz\" aria-expanded=\"false\">\n\t\t\t\t\t\t<div class=\"sow-accordion-title sow-accordion-title-icon-left\">\n\t\t\t\t\t\t\t\t\t\t\t\t\t\t21-29 ya\u015f aral\u0131\u011f\u0131ndas\u0131n\u0131z ve manevi re\u00e7eteyi aktif hale getirmi\u015fsiniz\t\t\t\t\t\t\t\t\t\t\t\t\t<\/div>\n\t\t\t\t\t\t<div class=\"sow-accordion-open-close-button\">\n\t\t\t\t\t\t\t<div class=\"sow-accordion-open-button\">\n\t\t\t\t\t\t\t\t<span class=\"sow-icon-fontawesome sow-fas\" data-sow-icon=\"&#xf107;\"\n\t\t \n\t\taria-hidden=\"true\"><\/span>\t\t\t\t\t\t\t<\/div>\n\t\t\t\t\t\t\t<div class=\"sow-accordion-close-button\">\n\t\t\t\t\t\t\t\t<span class=\"sow-icon-fontawesome sow-fas\" data-sow-icon=\"&#xf106;\"\n\t\t \n\t\taria-hidden=\"true\"><\/span>\t\t\t\t\t\t\t<\/div>\n\t\t\t\t\t\t<\/div>\n\t\t\t\t\t<\/div>\n\t\t\t\t<\/div>\n\n\t\t\t<div\n\t\t\t\tclass=\"sow-accordion-panel-content\"\n\t\t\t\trole=\"region\"\n\t\t\t\taria-labelledby=\"accordion-label-21-29-ya%c5%9f-aral%c4%b1%c4%9f%c4%b1ndas%c4%b1n%c4%b1z-ve-manevi-re%c3%a7eteyi-aktif-hale-getirmi%c5%9fsiniz\"\n\t\t\t\tid=\"accordion-content-21-29-ya%c5%9f-aral%c4%b1%c4%9f%c4%b1ndas%c4%b1n%c4%b1z-ve-manevi-re%c3%a7eteyi-aktif-hale-getirmi%c5%9fsiniz\"\n\t\t\t\tstyle=\"display: none;\"\t\t\t>\n\t\t\t\t<div class=\"sow-accordion-panel-border\">\n\t\t\t\t\t<p style=\"text-align: center;\"><strong><span style=\"font-size: 20px; font-family: arial, helvetica, sans-serif; color: #000080;\">21-29 ya\u015f aral\u0131\u011f\u0131ndaysan\u0131z AMKA numaran\u0131z var m\u0131 ve manevi re\u00e7ete uygulamas\u0131n\u0131 aktif hale getirdiniz mi?<\/span><\/strong><\/p>\n<p style=\"text-align: center;\"><span style=\"font-size: 20px; color: #800000;\"><strong>\u2666 H.D.I.K.A.'dan bir mesaj alacaks\u0131n\u0131z. <span style=\"color: #ff0000;\">SMS<\/span> veya <span style=\"color: #ff0000;\">e-posta<\/span> yoluyla<\/strong><\/span><br \/>\n<span style=\"font-size: 20px; color: #800000;\"><strong>ve \u00fccretsiz <span style=\"color: #ff0000;\">pap testi<\/span> yapt\u0131rman\u0131z i\u00e7in bir sevk alacaks\u0131n\u0131z<\/strong><\/span><\/p>\n<p>&nbsp;<\/p>\n<p style=\"text-align: center;\"><strong><span style=\"font-size: 24px; font-family: arial, helvetica, sans-serif;\"><span style=\"color: #808080;\">Atina merkezi\u00a0i\u00e7in\u00a0electronik randevu alabilirsiniz <a href=\"https:\/\/doctorvasiliadis.gr\/?page_id=16926\">buraya bas<\/a><br \/>\ntelefonda\u00a0 2105203353<br \/>\nPap testini herhangi bir \u00fccret \u00f6demeden yapt\u0131rmak i\u00e7in<br \/>\nAtina merkezi i\u00e7in bizi burada bulacaks\u0131n <a href=\"https:\/\/www.google.gr\/maps\/place\/%CE%98%CE%B5%CF%8C%CE%B4%CF%89%CF%81%CE%BF%CF%82+%CE%9E%CE%B5%CE%BD.+%CE%92%CE%B1%CF%83%CE%B9%CE%BB%CE%B5%CE%B9%CE%AC%CE%B4%CE%B7%CF%82,+%CE%9C%CE%B1%CE%B9%CE%B5%CF%85%CF%84%CE%AE%CF%81%CE%B1%CF%82+%CE%A7%CE%B5%CE%B9%CF%81%CE%BF%CF%8D%CF%81%CE%B3%CE%BF%CF%82+%CE%93%CF%85%CE%BD%CE%B1%CE%B9%CE%BA%CE%BF%CE%BB%CF%8C%CE%B3%CE%BF%CF%82\/@37.9870568,23.7274492,15z\/data=!4m6!3m5!1s0x14a1bd2e2774f331:0x7aef8af1441b9dee!8m2!3d37.9872234!4d23.7273184!16s%2Fg%2F1tcwb_4k?entry=ttu\" target=\"_blank\" rel=\"noopener\">buraya bas<\/a><br \/>\n<\/span><\/span><\/strong><\/p>\n\t\t\t\t<\/div>\n\t\t\t<\/div>\n\t\t<\/div>\n\t\t\t<div class=\"sow-accordion-panel\n\t\t\t\t\t\"\n\t\t\t\tdata-anchor-id=\"21-ile-29-yaslari-arasindasiniz-ve-manevi-receteniz-etkin-degildir\">\n\t\t\t\t\t<div class=\"sow-accordion-panel-header-container\" role=\"heading\" aria-level=\"2\">\n\t\t\t\t\t<div class=\"sow-accordion-panel-header\" tabindex=\"0\" role=\"button\" id=\"accordion-label-21-ile-29-ya%c5%9flar%c4%b1-aras%c4%b1ndas%c4%b1n%c4%b1z-ve-manevi-re%c3%a7eteniz-etkin-de%c4%9fi%cc%87ldi%cc%87r\" aria-controls=\"accordion-content-21-ile-29-ya%c5%9flar%c4%b1-aras%c4%b1ndas%c4%b1n%c4%b1z-ve-manevi-re%c3%a7eteniz-etkin-de%c4%9fi%cc%87ldi%cc%87r\" aria-expanded=\"false\">\n\t\t\t\t\t\t<div class=\"sow-accordion-title sow-accordion-title-icon-left\">\n\t\t\t\t\t\t\t\t\t\t\t\t\t\t21 ile 29 ya\u015flar\u0131 aras\u0131ndas\u0131n\u0131z ve manevi re\u00e7eteniz etkin DE\u011e\u0130LD\u0130R\t\t\t\t\t\t\t\t\t\t\t\t\t<\/div>\n\t\t\t\t\t\t<div class=\"sow-accordion-open-close-button\">\n\t\t\t\t\t\t\t<div class=\"sow-accordion-open-button\">\n\t\t\t\t\t\t\t\t<span class=\"sow-icon-fontawesome sow-fas\" data-sow-icon=\"&#xf107;\"\n\t\t \n\t\taria-hidden=\"true\"><\/span>\t\t\t\t\t\t\t<\/div>\n\t\t\t\t\t\t\t<div class=\"sow-accordion-close-button\">\n\t\t\t\t\t\t\t\t<span class=\"sow-icon-fontawesome sow-fas\" data-sow-icon=\"&#xf106;\"\n\t\t \n\t\taria-hidden=\"true\"><\/span>\t\t\t\t\t\t\t<\/div>\n\t\t\t\t\t\t<\/div>\n\t\t\t\t\t<\/div>\n\t\t\t\t<\/div>\n\n\t\t\t<div\n\t\t\t\tclass=\"sow-accordion-panel-content\"\n\t\t\t\trole=\"region\"\n\t\t\t\taria-labelledby=\"accordion-label-21-ile-29-ya%c5%9flar%c4%b1-aras%c4%b1ndas%c4%b1n%c4%b1z-ve-manevi-re%c3%a7eteniz-etkin-de%c4%9fi%cc%87ldi%cc%87r\"\n\t\t\t\tid=\"accordion-content-21-ile-29-ya%c5%9flar%c4%b1-aras%c4%b1ndas%c4%b1n%c4%b1z-ve-manevi-re%c3%a7eteniz-etkin-de%c4%9fi%cc%87ldi%cc%87r\"\n\t\t\t\tstyle=\"display: none;\"\t\t\t>\n\t\t\t\t<div class=\"sow-accordion-panel-border\">\n\t\t\t\t\t<p style=\"text-align: center;\"><strong><span style=\"font-size: 20px; font-family: arial, helvetica, sans-serif; color: #000080;\">21-29 ya\u015f aral\u0131\u011f\u0131ndaysan\u0131z, AMKA sahibiyseniz ve manevi re\u00e7ete uygulamas\u0131n\u0131 AKT\u0130F ETMEM\u0130\u015eS\u0130N\u0130Z<\/span><\/strong><\/p>\n<p style=\"text-align: center;\"><span style=\"font-size: 20px; font-family: arial, helvetica, sans-serif;\"><strong><span style=\"color: #800000;\">\u00a0 \u2666\u00a0 <span style=\"color: #ff0000;\">Pap testi<\/span> y\u00f6nlendirmesi yap\u0131l\u0131p yap\u0131lmad\u0131\u011f\u0131n\u0131 kontrol etmek i\u00e7in AMKA numaran\u0131z\u0131 bize g\u00f6ndereceksiniz ve randevu alman\u0131z i\u00e7in sizi <span style=\"color: #ff0000;\">SMS<\/span> veya <span style=\"color: #ff0000;\">e-posta<\/span> ile bilgilendirece\u011fiz.<br \/>\n<\/span><span style=\"color: #808080;\"><br \/>\n<\/span><\/strong><\/span><\/p>\n<p style=\"text-align: center;\"><a href=\"https:\/\/doctorvasiliadis.gr\/?page_id=16886\"><strong><span style=\"font-size: 20px;\"><span style=\"font-family: arial, helvetica, sans-serif;\">Bize AMKA (SSK) numaran\u0131z\u0131 g\u00f6ndermek i\u00e7in buraya t\u0131klayarak bizimle ileti\u015fime ge\u00e7in.<\/span><\/span><\/strong><\/a><\/p>\n<p style=\"text-align: center;\"><strong><span style=\"font-size: 24px; font-family: arial, helvetica, sans-serif;\"><span style=\"color: #808080;\"><br \/>\nAtina merkezi\u00a0i\u00e7in\u00a0electronik randevu alabilirsiniz <a href=\"https:\/\/doctorvasiliadis.gr\/?page_id=16926\">buraya bas<\/a><br \/>\nveya telefonda\u00a0 2105203353<br \/>\nPap testini herhangi bir \u00fccret \u00f6demeden yapt\u0131rmak i\u00e7in<br \/>\nAtina merkezi i\u00e7in bizi burada bulacaks\u0131n <a href=\"https:\/\/www.google.gr\/maps\/place\/%CE%98%CE%B5%CF%8C%CE%B4%CF%89%CF%81%CE%BF%CF%82+%CE%9E%CE%B5%CE%BD.+%CE%92%CE%B1%CF%83%CE%B9%CE%BB%CE%B5%CE%B9%CE%AC%CE%B4%CE%B7%CF%82,+%CE%9C%CE%B1%CE%B9%CE%B5%CF%85%CF%84%CE%AE%CF%81%CE%B1%CF%82+%CE%A7%CE%B5%CE%B9%CF%81%CE%BF%CF%8D%CF%81%CE%B3%CE%BF%CF%82+%CE%93%CF%85%CE%BD%CE%B1%CE%B9%CE%BA%CE%BF%CE%BB%CF%8C%CE%B3%CE%BF%CF%82\/@37.9870568,23.7274492,15z\/data=!4m6!3m5!1s0x14a1bd2e2774f331:0x7aef8af1441b9dee!8m2!3d37.9872234!4d23.7273184!16s%2Fg%2F1tcwb_4k?entry=ttu\" target=\"_blank\" rel=\"noopener\">buraya bas<\/a><br \/>\n<\/span><\/span><\/strong><\/p>\n\t\t\t\t<\/div>\n\t\t\t<\/div>\n\t\t<\/div>\n\t\t\t<div class=\"sow-accordion-panel\n\t\t\t\t\t\"\n\t\t\t\tdata-anchor-id=\"30-ile-65-yas-araligindasiniz-ve-manevi-receteyi-aktif-hale-getirmissiniz\">\n\t\t\t\t\t<div class=\"sow-accordion-panel-header-container\" role=\"heading\" aria-level=\"2\">\n\t\t\t\t\t<div class=\"sow-accordion-panel-header\" tabindex=\"0\" role=\"button\" id=\"accordion-label-30-ile-65-ya%c5%9f-aral%c4%b1%c4%9f%c4%b1ndas%c4%b1n%c4%b1z-ve-manevi-re%c3%a7eteyi-aktif-hale-getirmi%c5%9fsiniz\" aria-controls=\"accordion-content-30-ile-65-ya%c5%9f-aral%c4%b1%c4%9f%c4%b1ndas%c4%b1n%c4%b1z-ve-manevi-re%c3%a7eteyi-aktif-hale-getirmi%c5%9fsiniz\" aria-expanded=\"false\">\n\t\t\t\t\t\t<div class=\"sow-accordion-title sow-accordion-title-icon-left\">\n\t\t\t\t\t\t\t\t\t\t\t\t\t\t30 ile 65 ya\u015f aral\u0131\u011f\u0131ndas\u0131n\u0131z ve manevi re\u00e7eteyi aktif hale getirmi\u015fsiniz\t\t\t\t\t\t\t\t\t\t\t\t\t<\/div>\n\t\t\t\t\t\t<div class=\"sow-accordion-open-close-button\">\n\t\t\t\t\t\t\t<div class=\"sow-accordion-open-button\">\n\t\t\t\t\t\t\t\t<span class=\"sow-icon-fontawesome sow-fas\" data-sow-icon=\"&#xf107;\"\n\t\t \n\t\taria-hidden=\"true\"><\/span>\t\t\t\t\t\t\t<\/div>\n\t\t\t\t\t\t\t<div class=\"sow-accordion-close-button\">\n\t\t\t\t\t\t\t\t<span class=\"sow-icon-fontawesome sow-fas\" data-sow-icon=\"&#xf106;\"\n\t\t \n\t\taria-hidden=\"true\"><\/span>\t\t\t\t\t\t\t<\/div>\n\t\t\t\t\t\t<\/div>\n\t\t\t\t\t<\/div>\n\t\t\t\t<\/div>\n\n\t\t\t<div\n\t\t\t\tclass=\"sow-accordion-panel-content\"\n\t\t\t\trole=\"region\"\n\t\t\t\taria-labelledby=\"accordion-label-30-ile-65-ya%c5%9f-aral%c4%b1%c4%9f%c4%b1ndas%c4%b1n%c4%b1z-ve-manevi-re%c3%a7eteyi-aktif-hale-getirmi%c5%9fsiniz\"\n\t\t\t\tid=\"accordion-content-30-ile-65-ya%c5%9f-aral%c4%b1%c4%9f%c4%b1ndas%c4%b1n%c4%b1z-ve-manevi-re%c3%a7eteyi-aktif-hale-getirmi%c5%9fsiniz\"\n\t\t\t\tstyle=\"display: none;\"\t\t\t>\n\t\t\t\t<div class=\"sow-accordion-panel-border\">\n\t\t\t\t\t<p style=\"text-align: center;\"><strong><span style=\"font-size: 20px; font-family: arial, helvetica, sans-serif; color: #000080;\">30-65 ya\u015f aral\u0131\u011f\u0131ndas\u0131n\u0131z, AMKA sahibisiniz ve manevi re\u00e7ete uygulamas\u0131n\u0131 aktif hale getirmi\u015fsiniz<\/span><\/strong><\/p>\n<p style=\"text-align: center;\"><strong><span style=\"font-size: 20px; font-family: arial, helvetica, sans-serif; color: #800000;\">\u2666 H.D.I.K.A.'dan bir mesaj alacaks\u0131n\u0131z. <span style=\"color: #ff0000;\">SMS<\/span> veya <span style=\"color: #ff0000;\">e-posta<\/span> yoluyla<\/span><\/strong><br \/>\n<strong><span style=\"font-size: 20px; font-family: arial, helvetica, sans-serif; color: #800000;\">ve \u00fccretsiz bir <span style=\"color: #ff0000;\">HPV DNA testi<\/span> y\u00f6nlendirmesi alacaks\u0131n\u0131z<\/span><\/strong><\/p>\n<p>&nbsp;<\/p>\n<p style=\"text-align: center;\"><strong><span style=\"font-size: 24px; font-family: arial, helvetica, sans-serif;\"><span style=\"color: #808080;\">Atina merkezi\u00a0i\u00e7in\u00a0electronik randevu alabilirsiniz <a href=\"https:\/\/doctorvasiliadis.gr\/?page_id=16926\">buraya bas<\/a><br \/>\nveya telefonda\u00a0 2105203353<br \/>\nHPV-DNA testini herhangi bir \u00fccret \u00f6demeden yapt\u0131rmak i\u00e7in<br \/>\nAtina merkezi i\u00e7in bizi burada bulacaks\u0131n <a href=\"https:\/\/www.google.gr\/maps\/place\/%CE%98%CE%B5%CF%8C%CE%B4%CF%89%CF%81%CE%BF%CF%82+%CE%9E%CE%B5%CE%BD.+%CE%92%CE%B1%CF%83%CE%B9%CE%BB%CE%B5%CE%B9%CE%AC%CE%B4%CE%B7%CF%82,+%CE%9C%CE%B1%CE%B9%CE%B5%CF%85%CF%84%CE%AE%CF%81%CE%B1%CF%82+%CE%A7%CE%B5%CE%B9%CF%81%CE%BF%CF%8D%CF%81%CE%B3%CE%BF%CF%82+%CE%93%CF%85%CE%BD%CE%B1%CE%B9%CE%BA%CE%BF%CE%BB%CF%8C%CE%B3%CE%BF%CF%82\/@37.9870568,23.7274492,15z\/data=!4m6!3m5!1s0x14a1bd2e2774f331:0x7aef8af1441b9dee!8m2!3d37.9872234!4d23.7273184!16s%2Fg%2F1tcwb_4k?entry=ttu\" target=\"_blank\" rel=\"noopener\">buraya bas<\/a><br \/>\n<\/span><\/span><\/strong><\/p>\n\t\t\t\t<\/div>\n\t\t\t<\/div>\n\t\t<\/div>\n\t\t\t<div class=\"sow-accordion-panel\n\t\t\t\t\t\"\n\t\t\t\tdata-anchor-id=\"30-ila-65-yaslari-arasindasiniz-ve-manevi-receteyi-aktif-hale-getirmediniz\">\n\t\t\t\t\t<div class=\"sow-accordion-panel-header-container\" role=\"heading\" aria-level=\"2\">\n\t\t\t\t\t<div class=\"sow-accordion-panel-header\" tabindex=\"0\" role=\"button\" id=\"accordion-label-30-ila-65-ya%c5%9flar%c4%b1-aras%c4%b1ndas%c4%b1n%c4%b1z-ve-manevi-re%c3%a7eteyi-aktif-hale-getirmediniz\" aria-controls=\"accordion-content-30-ila-65-ya%c5%9flar%c4%b1-aras%c4%b1ndas%c4%b1n%c4%b1z-ve-manevi-re%c3%a7eteyi-aktif-hale-getirmediniz\" aria-expanded=\"false\">\n\t\t\t\t\t\t<div class=\"sow-accordion-title sow-accordion-title-icon-left\">\n\t\t\t\t\t\t\t\t\t\t\t\t\t\t30 ila 65 ya\u015flar\u0131 aras\u0131ndas\u0131n\u0131z ve manevi re\u00e7eteyi aktif hale getirmediniz\t\t\t\t\t\t\t\t\t\t\t\t\t<\/div>\n\t\t\t\t\t\t<div class=\"sow-accordion-open-close-button\">\n\t\t\t\t\t\t\t<div class=\"sow-accordion-open-button\">\n\t\t\t\t\t\t\t\t<span class=\"sow-icon-fontawesome sow-fas\" data-sow-icon=\"&#xf107;\"\n\t\t \n\t\taria-hidden=\"true\"><\/span>\t\t\t\t\t\t\t<\/div>\n\t\t\t\t\t\t\t<div class=\"sow-accordion-close-button\">\n\t\t\t\t\t\t\t\t<span class=\"sow-icon-fontawesome sow-fas\" data-sow-icon=\"&#xf106;\"\n\t\t \n\t\taria-hidden=\"true\"><\/span>\t\t\t\t\t\t\t<\/div>\n\t\t\t\t\t\t<\/div>\n\t\t\t\t\t<\/div>\n\t\t\t\t<\/div>\n\n\t\t\t<div\n\t\t\t\tclass=\"sow-accordion-panel-content\"\n\t\t\t\trole=\"region\"\n\t\t\t\taria-labelledby=\"accordion-label-30-ila-65-ya%c5%9flar%c4%b1-aras%c4%b1ndas%c4%b1n%c4%b1z-ve-manevi-re%c3%a7eteyi-aktif-hale-getirmediniz\"\n\t\t\t\tid=\"accordion-content-30-ila-65-ya%c5%9flar%c4%b1-aras%c4%b1ndas%c4%b1n%c4%b1z-ve-manevi-re%c3%a7eteyi-aktif-hale-getirmediniz\"\n\t\t\t\tstyle=\"display: none;\"\t\t\t>\n\t\t\t\t<div class=\"sow-accordion-panel-border\">\n\t\t\t\t\t<p style=\"text-align: center;\"><strong><span style=\"font-size: 20px; font-family: arial, helvetica, sans-serif; color: #808080;\">30-65 ya\u015f aral\u0131\u011f\u0131ndaysan\u0131z, AMKA sahibiyseniz ve manevi re\u00e7ete uygulamas\u0131n\u0131 AKT\u0130F ETMED\u0130N\u0130Z mi ?<\/span><\/strong><\/p>\n<p style=\"text-align: center;\"><span style=\"font-size: 20px; font-family: arial, helvetica, sans-serif;\"><strong><span style=\"color: #800000;\"> \u2666\u00a0 Size<span style=\"color: #ff0000;\"> HPV DNA testi<\/span> y\u00f6nlendirmesi verilip verilmedi\u011fini kontrol etmek i\u00e7in AMKA'n\u0131z\u0131 bize g\u00f6ndereceksiniz ve biz de randevu alman\u0131z i\u00e7in sizi <span style=\"color: #ff0000;\">SMS<\/span> veya <span style=\"color: #ff0000;\">e-posta<\/span> yoluyla bilgilendirece\u011fiz.<br \/>\n<\/span><span style=\"color: #808080;\"><br \/>\n<\/span><\/strong><\/span><\/p>\n<p style=\"text-align: center;\"><span style=\"font-family: arial, helvetica, sans-serif;\"><a href=\"https:\/\/doctorvasiliadis.gr\/?page_id=16886\"><strong><span style=\"font-size: 20px;\">Bize AMKA (SSK) numaran\u0131z\u0131 g\u00f6ndermek i\u00e7in buraya t\u0131klayarak bizimle ileti\u015fime ge\u00e7in.<\/span><\/strong><\/a><\/span><\/p>\n<p style=\"text-align: center;\"><strong><span style=\"font-size: 24px; font-family: arial, helvetica, sans-serif;\"><span style=\"color: #808080;\"><br \/>\nAtina merkezi\u00a0i\u00e7in\u00a0electronik randevu alabilirsiniz <a href=\"https:\/\/doctorvasiliadis.gr\/?page_id=16926\">buraya bas<\/a><br \/>\nveya telefonda\u00a0 2105203353<br \/>\nHPV-DNA testini herhangi bir \u00fccret \u00f6demeden yapt\u0131rmak i\u00e7in<br \/>\nAtina merkezi i\u00e7in bizi burada bulacaks\u0131n <a href=\"https:\/\/www.google.gr\/maps\/place\/%CE%98%CE%B5%CF%8C%CE%B4%CF%89%CF%81%CE%BF%CF%82+%CE%9E%CE%B5%CE%BD.+%CE%92%CE%B1%CF%83%CE%B9%CE%BB%CE%B5%CE%B9%CE%AC%CE%B4%CE%B7%CF%82,+%CE%9C%CE%B1%CE%B9%CE%B5%CF%85%CF%84%CE%AE%CF%81%CE%B1%CF%82+%CE%A7%CE%B5%CE%B9%CF%81%CE%BF%CF%8D%CF%81%CE%B3%CE%BF%CF%82+%CE%93%CF%85%CE%BD%CE%B1%CE%B9%CE%BA%CE%BF%CE%BB%CF%8C%CE%B3%CE%BF%CF%82\/@37.9870568,23.7274492,15z\/data=!4m6!3m5!1s0x14a1bd2e2774f331:0x7aef8af1441b9dee!8m2!3d37.9872234!4d23.7273184!16s%2Fg%2F1tcwb_4k?entry=ttu\" target=\"_blank\" rel=\"noopener\">buraya bas<\/a><br \/>\n<\/span><\/span><\/strong><\/p>\n\t\t\t\t<\/div>\n\t\t\t<\/div>\n\t\t<\/div>\n\t\t<\/div>\n<\/div>\n<\/div><\/div><\/div><\/div><\/div><\/div><div id=\"pg-15287-1\"  class=\"panel-grid panel-no-style\" ><div id=\"pgc-15287-1-0\"  class=\"panel-grid-cell\" ><div id=\"panel-15287-1-0-0\" class=\"so-panel widget widget_sow-button panel-first-child panel-last-child\" data-index=\"1\" ><div\n\t\t\t\n\t\t\tclass=\"so-widget-sow-button so-widget-sow-button-flat-2c870981db18-15287\"\n\t\t\t\n\t\t><div class=\"ow-button-base ow-button-align-center\"\n>\n\t\t\t<a\n\t\t\t\t\thref=\"https:\/\/doctorvasiliadis.gr\/?page_id=15279\"\n\t\t\t\t\tclass=\"sowb-button ow-icon-placement-left ow-button-hover\" \t>\n\t\t<span>\n\t\t\t\n\t\t\tEyleme kimler kat\u0131l\u0131yor?\t\t<\/span>\n\t\t\t<\/a>\n\t<\/div>\n<\/div><\/div><\/div><div id=\"pgc-15287-1-1\"  class=\"panel-grid-cell\" ><div id=\"panel-15287-1-1-0\" class=\"so-panel widget widget_sow-button panel-first-child panel-last-child\" data-index=\"2\" ><div\n\t\t\t\n\t\t\tclass=\"so-widget-sow-button so-widget-sow-button-flat-2c870981db18-15287\"\n\t\t\t\n\t\t><div class=\"ow-button-base ow-button-align-center\"\n>\n\t\t\t<a\n\t\t\t\t\thref=\"https:\/\/doctorvasiliadis.gr\/?page_id=15291\"\n\t\t\t\t\tclass=\"sowb-button ow-icon-placement-left ow-button-hover\" \t>\n\t\t<span>\n\t\t\t\n\t\t\tAnormal PAP-TEST  y\u00f6netimi\t\t<\/span>\n\t\t\t<\/a>\n\t<\/div>\n<\/div><\/div><\/div><div id=\"pgc-15287-1-2\"  class=\"panel-grid-cell\" ><div id=\"panel-15287-1-2-0\" class=\"so-panel widget widget_sow-button panel-first-child panel-last-child\" data-index=\"3\" ><div\n\t\t\t\n\t\t\tclass=\"so-widget-sow-button so-widget-sow-button-flat-2c870981db18-15287\"\n\t\t\t\n\t\t><div class=\"ow-button-base ow-button-align-center\"\n>\n\t\t\t<a\n\t\t\t\t\thref=\"https:\/\/doctorvasiliadis.gr\/?page_id=15295\"\n\t\t\t\t\tclass=\"sowb-button ow-icon-placement-left ow-button-hover\" \t>\n\t\t<span>\n\t\t\t\n\t\t\tAnormal HPV-DNA y\u00f6netimi\t\t<\/span>\n\t\t\t<\/a>\n\t<\/div>\n<\/div><\/div><\/div><div id=\"pgc-15287-1-3\"  class=\"panel-grid-cell\" ><div id=\"panel-15287-1-3-0\" class=\"so-panel widget widget_sow-button panel-first-child panel-last-child\" data-index=\"4\" ><div\n\t\t\t\n\t\t\tclass=\"so-widget-sow-button so-widget-sow-button-flat-2c870981db18-15287\"\n\t\t\t\n\t\t><div class=\"ow-button-base ow-button-align-center\"\n>\n\t\t\t<a\n\t\t\t\t\thref=\"https:\/\/doctorvasiliadis.gr\/?page_id=15142\"\n\t\t\t\t\tclass=\"sowb-button ow-icon-placement-left ow-button-hover\" \t>\n\t\t<span>\n\t\t\t\n\t\t\tT\u00fcrk Dili Ana Sayfas\u0131na D\u00f6n\t\t<\/span>\n\t\t\t<\/a>\n\t<\/div>\n<\/div><\/div><\/div><\/div><div id=\"pg-15287-2\"  class=\"panel-grid panel-has-style\" ><div class=\"siteorigin-panels-stretch panel-row-style panel-row-style-for-15287-2\" id=\"contact\" data-stretch-type=\"full\" ><div id=\"pgc-15287-2-0\"  class=\"panel-grid-cell\" ><div id=\"panel-15287-2-0-0\" class=\"so-panel widget widget_sow-headline panel-first-child\" data-index=\"5\" ><div class=\"panel-widget-style panel-widget-style-for-15287-2-0-0\" ><div\n\t\t\t\n\t\t\tclass=\"so-widget-sow-headline so-widget-sow-headline-default-8271a778755c-15287 so-widget-fittext-wrapper\"\n\t\t\t data-fit-text-compressor=\"0.85\"\n\t\t><div class=\"sow-headline-container \">\n\t\t\t\t\t\t\t<h2 class=\"sow-headline\">\n\t\t\t\t\t\t<b>B\u0130ZE ULA\u015eIN <\/b>...\t\t\t\t\t\t<\/h2>\n\t\t\t\t\t\t\t\t\t\t\t\t<p class=\"sow-sub-headline\">\n\t\t\t\t\t\tAMKA numaran\u0131z\u0131 g\u00f6nderin, b\u00f6ylece size bir y\u00f6nlendirmeniz olup olmad\u0131\u011f\u0131n\u0131 veya randevu ayarlay\u0131p ayarlamad\u0131\u011f\u0131n\u0131z\u0131 s\u00f6yleyebiliriz\t\t\t\t\t\t<\/p>\n\t\t\t\t\t\t<\/div>\n<\/div><\/div><\/div><div id=\"panel-15287-2-0-1\" class=\"so-panel widget widget_sow-contact-form panel-last-child\" data-index=\"6\" ><div class=\"panel-widget-style panel-widget-style-for-15287-2-0-1\" ><div\n\t\t\t\n\t\t\tclass=\"so-widget-sow-contact-form so-widget-sow-contact-form-default-da4a6127525b-15287\"\n\t\t\t\n\t\t>\t<form\n\t\taction=\"\/index.php?rest_route=%2Fwp%2Fv2%2Fpages%2F15287\"\n\t\tmethod=\"POST\"\n\t\tclass=\"sow-contact-form\"\n\t\tid=\"contact-form-f486\"\n\t>\n\n\t\t\n\t\t            <p><em>L\u00fctfen hepsini doldurun<\/em><\/p>\n\t\t\t\t\t\t<div class=\"sow-form-field sow-form-field-name\">\n\t\t\t\t<label class=\"sow-form-field-label-above\" for=\"sow-contact-form-field-isim-1\">\n\t\t\t\t<strong>\n\t\t\t\t\t\u0130sim\t\t\t\t\t\t\t\t\t\t\t<span class=\"sow-form-field-required\">*<\/span>\n\t\t\t\t\t\t\t\t\t<\/strong>\n\t\t\t<\/label>\n\t\t\t\t\t\t\t<div class=\"sow-field-container\">\n\t\t\t\t\t\t\t<input\n\t\t\ttype=\"text\"\n\t\t\tname=\"isim-1\"\n\t\t\tid=\"sow-contact-form-field-isim-1\"\n\t\t\tvalue=\"\"\n\t\t\tclass=\"sow-text-field\"\n\t\t\t\t\t\t\t\t\/>\n\t\t\t\t\t\t<\/div>\n\t\t\t\t\t\t\t<\/div>\n\t\t\t\t\t\t<div class=\"sow-form-field sow-form-field-email\">\n\t\t\t\t<label class=\"sow-form-field-label-above\" for=\"sow-contact-form-field-e-posta-adresiniz-1\">\n\t\t\t\t<strong>\n\t\t\t\t\tE-posta adresiniz\t\t\t\t\t\t\t\t\t\t\t<span class=\"sow-form-field-required\">*<\/span>\n\t\t\t\t\t\t\t\t\t<\/strong>\n\t\t\t<\/label>\n\t\t\t\t\t\t\t<div class=\"sow-field-container\">\n\t\t\t\t\t\t\t<input\n\t\t\ttype=\"email\"\n\t\t\tname=\"e-posta-adresiniz-1\"\n\t\t\tid=\"sow-contact-form-field-e-posta-adresiniz-1\"\n\t\t\tvalue=\"\"\n\t\t\tclass=\"sow-text-field\"\t\t\t\t\t\t\t\t\/>\n\t\t\t\t\t\t<\/div>\n\t\t\t\t\t\t\t<\/div>\n\t\t\t\t\t\t<div class=\"sow-form-field sow-form-field-subject\">\n\t\t\t\t<label class=\"sow-form-field-label-above\" for=\"sow-contact-form-field-konu-1\">\n\t\t\t\t<strong>\n\t\t\t\t\tKONU\t\t\t\t\t\t\t\t\t\t\t<span class=\"sow-form-field-required\">*<\/span>\n\t\t\t\t\t\t\t\t\t<\/strong>\n\t\t\t<\/label>\n\t\t\t\t\t\t\t<div class=\"sow-field-container\">\n\t\t\t\t\t\t\t<input\n\t\t\ttype=\"text\"\n\t\t\tname=\"konu-1\"\n\t\t\tid=\"sow-contact-form-field-konu-1\"\n\t\t\tvalue=\"\"\n\t\t\tclass=\"sow-text-field\"\n\t\t\t\t\t\t\t\t\/>\n\t\t\t\t\t\t<\/div>\n\t\t\t\t\t\t\t<\/div>\n\t\t\t\t\t\t<div class=\"sow-form-field sow-form-field-textarea\">\n\t\t\t\t<label class=\"sow-form-field-label-above\" for=\"sow-contact-form-field-ileti-1\">\n\t\t\t\t<strong>\n\t\t\t\t\t\u0130LET\u0130\t\t\t\t\t\t\t\t\t\t\t<span class=\"sow-form-field-required\">*<\/span>\n\t\t\t\t\t\t\t\t\t<\/strong>\n\t\t\t<\/label>\n\t\t\t\t\t\t\t<div class=\"sow-field-container\">\n\t\t\t\t\t\t\t<textarea\n\t\t\tname=\"ileti-1\"\n\t\t\tid=\"sow-contact-form-field-ileti-1\"\n\t\t\trows=\"10\"\n\t\t\t\t\t\t\t\t><\/textarea>\n\t\t\t\t\t\t<\/div>\n\t\t\t\t\t\t\t<\/div>\n\t\t\t\n\t\t\t\t\t<div class=\"sow-recaptcha\"\n\t\t\t\t\t\t\t\t\tdata-config=\"{&quot;sitekey&quot;:&quot;6Le-I0UoAAAAAOiGXLBANSJLvHlOUBGiu7g8kn00&quot;,&quot;theme&quot;:&quot;light&quot;,&quot;type&quot;:&quot;image&quot;,&quot;size&quot;:&quot;normal&quot;}\"\n\t\t\t\t\t\t\t><\/div>\n\t\t\t\n\t\t<div class=\"sow-submit-wrapper \n\t\tsow-submit-styled\t\t\">\n\n\t\t\t<button\n\t\t\t\ttype=\"submit\"\n\t\t\t\tclass=\"sow-submit\n\t\t\t\t\t\t\t\t\"\n\t\t\t\t\t\t\t>\n\t\t\t\tG\u00f6nder\t\t\t<\/button>\n\t\t<\/div>\n\t\t\t\t<input\n\t\t\ttype=\"hidden\"\n\t\t\tname=\"instance_hash-1\"\n\t\t\tvalue=\"f4862a59\"\n\t\t\/>\n\n\t\t<input type=\"hidden\" id=\"_wpnonce\" name=\"_wpnonce\" value=\"76925304aa\" \/><input type=\"hidden\" name=\"_wp_http_referer\" value=\"\/index.php?rest_route=%2Fwp%2Fv2%2Fpages%2F15287\" \/>\t<\/form>\n\t<\/div><\/div><\/div><\/div><\/div><\/div><\/div>","protected":false},"excerpt":{"rendered":"<p>Madde 3 Yararlan\u0131c\u0131lar\u0131n Projeye kat\u0131l\u0131m\u0131na ili\u015fkin ko\u015fullar ve prosed\u00fcr 21-29 ya\u015f aral\u0131\u011f\u0131ndas\u0131n\u0131z ve manevi re\u00e7eteyi aktif hale getirmi\u015fsiniz 21-29 ya\u015f aral\u0131\u011f\u0131ndaysan\u0131z AMKA numaran\u0131z var m\u0131 ve manevi re\u00e7ete uygulamas\u0131n\u0131 aktif hale getirdiniz mi? \u2666 H.D.I.K.A.&#8217;dan bir mesaj alacaks\u0131n\u0131z. SMS veya e-posta yoluyla ve \u00fccretsiz pap testi yapt\u0131rman\u0131z i\u00e7in bir sevk alacaks\u0131n\u0131z &nbsp; Atina merkezi\u00a0i\u00e7in\u00a0electronik randevu [&hellip;]<\/p>\n","protected":false},"author":1,"featured_media":0,"parent":0,"menu_order":0,"comment_status":"closed","ping_status":"closed","template":"","meta":{"footnotes":""},"class_list":["post-15287","page","type-page","status-publish","hentry","post"],"_links":{"self":[{"href":"https:\/\/doctorvasiliadis.gr\/index.php?rest_route=\/wp\/v2\/pages\/15287","targetHints":{"allow":["GET"]}}],"collection":[{"href":"https:\/\/doctorvasiliadis.gr\/index.php?rest_route=\/wp\/v2\/pages"}],"about":[{"href":"https:\/\/doctorvasiliadis.gr\/index.php?rest_route=\/wp\/v2\/types\/page"}],"author":[{"embeddable":true,"href":"https:\/\/doctorvasiliadis.gr\/index.php?rest_route=\/wp\/v2\/users\/1"}],"replies":[{"embeddable":true,"href":"https:\/\/doctorvasiliadis.gr\/index.php?rest_route=%2Fwp%2Fv2%2Fcomments&post=15287"}],"version-history":[{"count":9,"href":"https:\/\/doctorvasiliadis.gr\/index.php?rest_route=\/wp\/v2\/pages\/15287\/revisions"}],"predecessor-version":[{"id":17566,"href":"https:\/\/doctorvasiliadis.gr\/index.php?rest_route=\/wp\/v2\/pages\/15287\/revisions\/17566"}],"wp:attachment":[{"href":"https:\/\/doctorvasiliadis.gr\/index.php?rest_route=%2Fwp%2Fv2%2Fmedia&parent=15287"}],"curies":[{"name":"wp","href":"https:\/\/api.w.org\/{rel}","templated":true}]}}