{"id":15279,"date":"2024-07-21T20:55:28","date_gmt":"2024-07-21T17:55:28","guid":{"rendered":"https:\/\/doctorvasiliadis.gr\/?page_id=15279"},"modified":"2024-07-22T18:34:54","modified_gmt":"2024-07-22T15:34:54","slug":"papwhoturk","status":"publish","type":"page","link":"https:\/\/doctorvasiliadis.gr\/?page_id=15279","title":{"rendered":"papwhoturk"},"content":{"rendered":"<div id=\"pl-15279\"  class=\"panel-layout\" ><div id=\"pg-15279-0\"  class=\"panel-grid panel-has-style\" ><div class=\"siteorigin-panels-stretch panel-row-style panel-row-style-for-15279-0\" data-stretch-type=\"full-width-stretch\" ><div id=\"pgc-15279-0-0\"  class=\"panel-grid-cell\" ><div id=\"panel-15279-0-0-0\" class=\"so-panel widget widget_sow-editor panel-first-child panel-last-child\" data-index=\"0\" ><div class=\"panel-widget-style panel-widget-style-for-15279-0-0-0\" ><div\n\t\t\t\n\t\t\tclass=\"so-widget-sow-editor so-widget-sow-editor-base\"\n\t\t\t\n\t\t>\n<div class=\"siteorigin-widget-tinymce textwidget\">\n\t<p><span style=\"color: #666699;\"><strong><span style=\"font-size: 20px; font-family: arial, helvetica, sans-serif;\">\"Rahim A\u011fz\u0131 Kanseri Taramas\u0131\" Program\u0131na 21-65 ya\u015f aral\u0131\u011f\u0131ndaki sigortal\u0131 ve sigortas\u0131z her kad\u0131n Yunan SSK Numaras\u0131 (AMKA) oldu\u011fu s\u00fcrece \u00fccretsiz\u00a0 kat\u0131labilmektedir.<\/span><\/strong><\/span><\/p>\n<p><img loading=\"lazy\" decoding=\"async\" class=\"aligncenter wp-image-15282 size-full\" src=\"https:\/\/doctorvasiliadis.gr\/wp-content\/uploads\/2024\/07\/pap-2turk.png\" alt=\"\" width=\"634\" height=\"737\" srcset=\"https:\/\/doctorvasiliadis.gr\/wp-content\/uploads\/2024\/07\/pap-2turk.png 634w, https:\/\/doctorvasiliadis.gr\/wp-content\/uploads\/2024\/07\/pap-2turk-258x300.png 258w\" sizes=\"auto, (max-width: 634px) 100vw, 634px\" \/><\/p>\n<\/div>\n<\/div><\/div><\/div><\/div><\/div><\/div><div id=\"pg-15279-1\"  class=\"panel-grid panel-has-style\" ><div class=\"siteorigin-panels-stretch panel-row-style panel-row-style-for-15279-1\" data-stretch-type=\"full-width-stretch\" ><div id=\"pgc-15279-1-0\"  class=\"panel-grid-cell\" ><div id=\"panel-15279-1-0-0\" class=\"so-panel widget widget_sow-accordion panel-first-child panel-last-child\" data-index=\"1\" ><div class=\"panel-widget-style panel-widget-style-for-15279-1-0-0\" ><div\n\t\t\t\n\t\t\tclass=\"so-widget-sow-accordion so-widget-sow-accordion-default-f03772047281-15279\"\n\t\t\t data-max-open-panels=\"1\" data-initial-scroll-panel=\"0\"\n\t\t><div>\n\t<div class=\"sow-accordion\">\n\t\t\t<div class=\"sow-accordion-panel\n\t\t\t\t\t\"\n\t\t\t\tdata-anchor-id=\"kontrol-edilecek-istisnalar\">\n\t\t\t\t\t<div class=\"sow-accordion-panel-header-container\" role=\"heading\" aria-level=\"2\">\n\t\t\t\t\t<div class=\"sow-accordion-panel-header\" tabindex=\"0\" role=\"button\" id=\"accordion-label-kontrol-edilecek-istisnalar\" aria-controls=\"accordion-content-kontrol-edilecek-istisnalar\" aria-expanded=\"false\">\n\t\t\t\t\t\t<div class=\"sow-accordion-title sow-accordion-title-icon-left\">\n\t\t\t\t\t\t\t\t\t\t\t\t\t\tKontrol edilecek istisnalar\t\t\t\t\t\t\t\t\t\t\t\t\t<\/div>\n\t\t\t\t\t\t<div class=\"sow-accordion-open-close-button\">\n\t\t\t\t\t\t\t<div class=\"sow-accordion-open-button\">\n\t\t\t\t\t\t\t\t<span class=\"sow-icon-fontawesome sow-fas\" data-sow-icon=\"&#xf107;\"\n\t\t \n\t\taria-hidden=\"true\"><\/span>\t\t\t\t\t\t\t<\/div>\n\t\t\t\t\t\t\t<div class=\"sow-accordion-close-button\">\n\t\t\t\t\t\t\t\t<span class=\"sow-icon-fontawesome sow-fas\" data-sow-icon=\"&#xf106;\"\n\t\t \n\t\taria-hidden=\"true\"><\/span>\t\t\t\t\t\t\t<\/div>\n\t\t\t\t\t\t<\/div>\n\t\t\t\t\t<\/div>\n\t\t\t\t<\/div>\n\n\t\t\t<div\n\t\t\t\tclass=\"sow-accordion-panel-content\"\n\t\t\t\trole=\"region\"\n\t\t\t\taria-labelledby=\"accordion-label-kontrol-edilecek-istisnalar\"\n\t\t\t\tid=\"accordion-content-kontrol-edilecek-istisnalar\"\n\t\t\t\tstyle=\"display: none;\"\t\t\t>\n\t\t\t\t<div class=\"sow-accordion-panel-border\">\n\t\t\t\t\t<p><strong><span style=\"font-family: arial, helvetica, sans-serif; font-size: 20px;\">Rahim a\u011fz\u0131 kanseri tarama program\u0131 a\u015fa\u011f\u0131daki durumlardaki kad\u0131nlar\u0131 kapsamaz:<\/span><\/strong><\/p>\n<ol>\n<li><span style=\"color: #333333;\"><strong><span style=\"font-family: arial, helvetica, sans-serif;\">kanser nedeniyle k\u0131smi veya total histerektomi ge\u00e7irmi\u015fseniz<\/span><\/strong><\/span><\/li>\n<li><span style=\"color: #333333;\"><strong><span style=\"font-family: arial, helvetica, sans-serif;\">C 53.0, 1, 8, 9 tipi rahim a\u011fz\u0131 kanseri te\u015fhisi konulduysa,<\/span><\/strong><\/span><\/li>\n<li><span style=\"color: #333333;\"><strong><span style=\"font-family: arial, helvetica, sans-serif;\">Rahim kanseri tip C 54.0, C 55.0 tan\u0131s\u0131 konulduysa,<\/span><\/strong><\/span><\/li>\n<li><span style=\"color: #333333;\"><strong><span style=\"font-family: arial, helvetica, sans-serif;\">Kat\u0131l\u0131m davetinin y\u00fcr\u00fcrl\u00fc\u011fe girmesinden \u00f6nceki \u00fc\u00e7 (3) takvim y\u0131l\u0131 i\u00e7erisinde bir PAP-TEST s\u0131nav\u0131 ger\u00e7ekle\u015ftirmi\u015f olman\u0131z,<\/span><\/strong><\/span><\/li>\n<li><span style=\"color: #333333;\"><strong><span style=\"font-family: arial, helvetica, sans-serif;\">yirmi bir (21) ile yirmi dokuz (29) ya\u015f aras\u0131 ya\u015f alt grubuna ait olmalar\u0131 ve davetin y\u00fcr\u00fcrl\u00fc\u011fe girmesinden \u00f6nceki \u00fc\u00e7 (3) takvim y\u0131l\u0131 i\u00e7erisinde HPV-DNA TEST\u0130 yapm\u0131\u015f olmalar\u0131 halinde kat\u0131lmak<\/span><\/strong><\/span><\/li>\n<li><span style=\"color: #333333;\"><strong><span style=\"font-family: arial, helvetica, sans-serif;\">Otuz (30) ile altm\u0131\u015f be\u015f (65) ya\u015f aras\u0131 ya\u015f alt grubuna ait olmalar\u0131 ve davetin y\u00fcr\u00fcrl\u00fc\u011fe girmesinden \u00f6nceki be\u015f (5) takvim y\u0131l\u0131 i\u00e7erisinde HPV-DNA TEST\u0130 yapm\u0131\u015f olmalar\u0131 \u015fart\u0131yla kat\u0131lmak.<\/span><\/strong><\/span><\/li>\n<\/ol>\n\t\t\t\t<\/div>\n\t\t\t<\/div>\n\t\t<\/div>\n\t\t<\/div>\n<\/div>\n<\/div><\/div><\/div><\/div><\/div><\/div><div id=\"pg-15279-2\"  class=\"panel-grid panel-no-style\" ><div id=\"pgc-15279-2-0\"  class=\"panel-grid-cell\" ><div id=\"panel-15279-2-0-0\" class=\"so-panel widget widget_sow-button panel-first-child panel-last-child\" data-index=\"2\" ><div\n\t\t\t\n\t\t\tclass=\"so-widget-sow-button so-widget-sow-button-flat-2c870981db18-15279\"\n\t\t\t\n\t\t><div class=\"ow-button-base ow-button-align-center\"\n>\n\t\t\t<a\n\t\t\t\t\thref=\"https:\/\/doctorvasiliadis.gr\/?page_id=15287\"\n\t\t\t\t\tclass=\"sowb-button ow-icon-placement-left ow-button-hover\" \t>\n\t\t<span>\n\t\t\t\n\t\t\tEyleme nas\u0131l kat\u0131l\u0131yor?\t\t<\/span>\n\t\t\t<\/a>\n\t<\/div>\n<\/div><\/div><\/div><div id=\"pgc-15279-2-1\"  class=\"panel-grid-cell\" ><div id=\"panel-15279-2-1-0\" class=\"so-panel widget widget_sow-button panel-first-child panel-last-child\" data-index=\"3\" ><div\n\t\t\t\n\t\t\tclass=\"so-widget-sow-button so-widget-sow-button-flat-2c870981db18-15279\"\n\t\t\t\n\t\t><div class=\"ow-button-base ow-button-align-center\"\n>\n\t\t\t<a\n\t\t\t\t\thref=\"https:\/\/doctorvasiliadis.gr\/?page_id=15291\"\n\t\t\t\t\tclass=\"sowb-button ow-icon-placement-left ow-button-hover\" \t>\n\t\t<span>\n\t\t\t\n\t\t\tAnormal PAP-TEST  y\u00f6netimi\t\t<\/span>\n\t\t\t<\/a>\n\t<\/div>\n<\/div><\/div><\/div><div id=\"pgc-15279-2-2\"  class=\"panel-grid-cell\" ><div id=\"panel-15279-2-2-0\" class=\"so-panel widget widget_sow-button panel-first-child panel-last-child\" data-index=\"4\" ><div\n\t\t\t\n\t\t\tclass=\"so-widget-sow-button so-widget-sow-button-flat-2c870981db18-15279\"\n\t\t\t\n\t\t><div class=\"ow-button-base ow-button-align-center\"\n>\n\t\t\t<a\n\t\t\t\t\thref=\"https:\/\/doctorvasiliadis.gr\/?page_id=15295\"\n\t\t\t\t\tclass=\"sowb-button ow-icon-placement-left ow-button-hover\" \t>\n\t\t<span>\n\t\t\t\n\t\t\tAnormal HPV-DNA y\u00f6netimi\t\t<\/span>\n\t\t\t<\/a>\n\t<\/div>\n<\/div><\/div><\/div><div id=\"pgc-15279-2-3\"  class=\"panel-grid-cell\" ><div id=\"panel-15279-2-3-0\" class=\"so-panel widget widget_sow-button panel-first-child panel-last-child\" data-index=\"5\" ><div\n\t\t\t\n\t\t\tclass=\"so-widget-sow-button so-widget-sow-button-flat-2c870981db18-15279\"\n\t\t\t\n\t\t><div class=\"ow-button-base ow-button-align-center\"\n>\n\t\t\t<a\n\t\t\t\t\thref=\"https:\/\/doctorvasiliadis.gr\/?page_id=15142\"\n\t\t\t\t\tclass=\"sowb-button ow-icon-placement-left ow-button-hover\" \t>\n\t\t<span>\n\t\t\t\n\t\t\tT\u00fcrk Dili Ana Sayfas\u0131na D\u00f6n\t\t<\/span>\n\t\t\t<\/a>\n\t<\/div>\n<\/div><\/div><\/div><\/div><div id=\"pg-15279-3\"  class=\"panel-grid panel-has-style\" ><div class=\"siteorigin-panels-stretch panel-row-style panel-row-style-for-15279-3\" id=\"contact\" data-stretch-type=\"full\" ><div id=\"pgc-15279-3-0\"  class=\"panel-grid-cell\" ><div id=\"panel-15279-3-0-0\" class=\"so-panel widget widget_sow-headline panel-first-child\" data-index=\"6\" ><div class=\"panel-widget-style panel-widget-style-for-15279-3-0-0\" ><div\n\t\t\t\n\t\t\tclass=\"so-widget-sow-headline so-widget-sow-headline-default-8271a778755c-15279 so-widget-fittext-wrapper\"\n\t\t\t data-fit-text-compressor=\"0.85\"\n\t\t><div class=\"sow-headline-container \">\n\t\t\t\t\t\t\t<h2 class=\"sow-headline\">\n\t\t\t\t\t\t<b>B\u0130ZE ULA\u015eIN <\/b>...\t\t\t\t\t\t<\/h2>\n\t\t\t\t\t\t\t\t\t\t\t\t<p class=\"sow-sub-headline\">\n\t\t\t\t\t\tAMKA numaran\u0131z\u0131 g\u00f6nderin, b\u00f6ylece size bir y\u00f6nlendirmeniz olup olmad\u0131\u011f\u0131n\u0131 veya randevu ayarlay\u0131p ayarlamad\u0131\u011f\u0131n\u0131z\u0131 s\u00f6yleyebiliriz\t\t\t\t\t\t<\/p>\n\t\t\t\t\t\t<\/div>\n<\/div><\/div><\/div><div id=\"panel-15279-3-0-1\" class=\"so-panel widget widget_sow-contact-form panel-last-child\" data-index=\"7\" ><div class=\"panel-widget-style panel-widget-style-for-15279-3-0-1\" ><div\n\t\t\t\n\t\t\tclass=\"so-widget-sow-contact-form so-widget-sow-contact-form-default-da4a6127525b-15279\"\n\t\t\t\n\t\t>\t<form\n\t\taction=\"\/index.php?rest_route=%2Fwp%2Fv2%2Fpages%2F15279\"\n\t\tmethod=\"POST\"\n\t\tclass=\"sow-contact-form\"\n\t\tid=\"contact-form-9af8\"\n\t>\n\n\t\t\n\t\t            <p><em>L\u00fctfen hepsini doldurun<\/em><\/p>\n\t\t\t\t\t\t<div class=\"sow-form-field sow-form-field-name\">\n\t\t\t\t<label class=\"sow-form-field-label-above\" for=\"sow-contact-form-field-isim-1\">\n\t\t\t\t<strong>\n\t\t\t\t\t\u0130sim\t\t\t\t\t\t\t\t\t\t\t<span class=\"sow-form-field-required\">*<\/span>\n\t\t\t\t\t\t\t\t\t<\/strong>\n\t\t\t<\/label>\n\t\t\t\t\t\t\t<div class=\"sow-field-container\">\n\t\t\t\t\t\t\t<input\n\t\t\ttype=\"text\"\n\t\t\tname=\"isim-1\"\n\t\t\tid=\"sow-contact-form-field-isim-1\"\n\t\t\tvalue=\"\"\n\t\t\tclass=\"sow-text-field\"\n\t\t\t\t\t\t\t\t\/>\n\t\t\t\t\t\t<\/div>\n\t\t\t\t\t\t\t<\/div>\n\t\t\t\t\t\t<div class=\"sow-form-field sow-form-field-email\">\n\t\t\t\t<label class=\"sow-form-field-label-above\" for=\"sow-contact-form-field-e-posta-adresiniz-1\">\n\t\t\t\t<strong>\n\t\t\t\t\tE-posta adresiniz\t\t\t\t\t\t\t\t\t\t\t<span class=\"sow-form-field-required\">*<\/span>\n\t\t\t\t\t\t\t\t\t<\/strong>\n\t\t\t<\/label>\n\t\t\t\t\t\t\t<div class=\"sow-field-container\">\n\t\t\t\t\t\t\t<input\n\t\t\ttype=\"email\"\n\t\t\tname=\"e-posta-adresiniz-1\"\n\t\t\tid=\"sow-contact-form-field-e-posta-adresiniz-1\"\n\t\t\tvalue=\"\"\n\t\t\tclass=\"sow-text-field\"\t\t\t\t\t\t\t\t\/>\n\t\t\t\t\t\t<\/div>\n\t\t\t\t\t\t\t<\/div>\n\t\t\t\t\t\t<div class=\"sow-form-field sow-form-field-subject\">\n\t\t\t\t<label class=\"sow-form-field-label-above\" for=\"sow-contact-form-field-konu-1\">\n\t\t\t\t<strong>\n\t\t\t\t\tKONU\t\t\t\t\t\t\t\t\t\t\t<span class=\"sow-form-field-required\">*<\/span>\n\t\t\t\t\t\t\t\t\t<\/strong>\n\t\t\t<\/label>\n\t\t\t\t\t\t\t<div class=\"sow-field-container\">\n\t\t\t\t\t\t\t<input\n\t\t\ttype=\"text\"\n\t\t\tname=\"konu-1\"\n\t\t\tid=\"sow-contact-form-field-konu-1\"\n\t\t\tvalue=\"\"\n\t\t\tclass=\"sow-text-field\"\n\t\t\t\t\t\t\t\t\/>\n\t\t\t\t\t\t<\/div>\n\t\t\t\t\t\t\t<\/div>\n\t\t\t\t\t\t<div class=\"sow-form-field sow-form-field-textarea\">\n\t\t\t\t<label class=\"sow-form-field-label-above\" for=\"sow-contact-form-field-ileti-1\">\n\t\t\t\t<strong>\n\t\t\t\t\t\u0130LET\u0130\t\t\t\t\t\t\t\t\t\t\t<span class=\"sow-form-field-required\">*<\/span>\n\t\t\t\t\t\t\t\t\t<\/strong>\n\t\t\t<\/label>\n\t\t\t\t\t\t\t<div class=\"sow-field-container\">\n\t\t\t\t\t\t\t<textarea\n\t\t\tname=\"ileti-1\"\n\t\t\tid=\"sow-contact-form-field-ileti-1\"\n\t\t\trows=\"10\"\n\t\t\t\t\t\t\t\t><\/textarea>\n\t\t\t\t\t\t<\/div>\n\t\t\t\t\t\t\t<\/div>\n\t\t\t\n\t\t\t\t\t<div class=\"sow-recaptcha\"\n\t\t\t\t\t\t\t\t\tdata-config=\"{&quot;sitekey&quot;:&quot;6Le-I0UoAAAAAOiGXLBANSJLvHlOUBGiu7g8kn00&quot;,&quot;theme&quot;:&quot;light&quot;,&quot;type&quot;:&quot;image&quot;,&quot;size&quot;:&quot;normal&quot;}\"\n\t\t\t\t\t\t\t><\/div>\n\t\t\t\n\t\t<div class=\"sow-submit-wrapper \n\t\tsow-submit-styled\t\t\">\n\n\t\t\t<button\n\t\t\t\ttype=\"submit\"\n\t\t\t\tclass=\"sow-submit\n\t\t\t\t\t\t\t\t\"\n\t\t\t\t\t\t\t>\n\t\t\t\tG\u00f6nder\t\t\t<\/button>\n\t\t<\/div>\n\t\t\t\t<input\n\t\t\ttype=\"hidden\"\n\t\t\tname=\"instance_hash-1\"\n\t\t\tvalue=\"9af88410\"\n\t\t\/>\n\n\t\t<input type=\"hidden\" id=\"_wpnonce\" name=\"_wpnonce\" value=\"76925304aa\" \/><input type=\"hidden\" name=\"_wp_http_referer\" value=\"\/index.php?rest_route=%2Fwp%2Fv2%2Fpages%2F15279\" \/>\t<\/form>\n\t<\/div><\/div><\/div><\/div><\/div><\/div><\/div>","protected":false},"excerpt":{"rendered":"<p>&#8220;Rahim A\u011fz\u0131 Kanseri Taramas\u0131&#8221; Program\u0131na 21-65 ya\u015f aral\u0131\u011f\u0131ndaki sigortal\u0131 ve sigortas\u0131z her kad\u0131n Yunan SSK Numaras\u0131 (AMKA) oldu\u011fu s\u00fcrece \u00fccretsiz\u00a0 kat\u0131labilmektedir.<\/p>\n","protected":false},"author":1,"featured_media":0,"parent":0,"menu_order":0,"comment_status":"closed","ping_status":"closed","template":"","meta":{"footnotes":""},"class_list":["post-15279","page","type-page","status-publish","hentry","post"],"_links":{"self":[{"href":"https:\/\/doctorvasiliadis.gr\/index.php?rest_route=\/wp\/v2\/pages\/15279","targetHints":{"allow":["GET"]}}],"collection":[{"href":"https:\/\/doctorvasiliadis.gr\/index.php?rest_route=\/wp\/v2\/pages"}],"about":[{"href":"https:\/\/doctorvasiliadis.gr\/index.php?rest_route=\/wp\/v2\/types\/page"}],"author":[{"embeddable":true,"href":"https:\/\/doctorvasiliadis.gr\/index.php?rest_route=\/wp\/v2\/users\/1"}],"replies":[{"embeddable":true,"href":"https:\/\/doctorvasiliadis.gr\/index.php?rest_route=%2Fwp%2Fv2%2Fcomments&post=15279"}],"version-history":[{"count":0,"href":"https:\/\/doctorvasiliadis.gr\/index.php?rest_route=\/wp\/v2\/pages\/15279\/revisions"}],"wp:attachment":[{"href":"https:\/\/doctorvasiliadis.gr\/index.php?rest_route=%2Fwp%2Fv2%2Fmedia&parent=15279"}],"curies":[{"name":"wp","href":"https:\/\/api.w.org\/{rel}","templated":true}]}}