{"id":15174,"date":"2024-07-21T10:16:19","date_gmt":"2024-07-21T07:16:19","guid":{"rendered":"https:\/\/doctorvasiliadis.gr\/?page_id=15174"},"modified":"2025-01-01T13:41:43","modified_gmt":"2025-01-01T11:41:43","slug":"papresultalb","status":"publish","type":"page","link":"https:\/\/doctorvasiliadis.gr\/?page_id=15174","title":{"rendered":"papresultalb"},"content":{"rendered":"<div id=\"pl-15174\"  class=\"panel-layout\" ><div id=\"pg-15174-0\"  class=\"panel-grid panel-has-style\" ><div class=\"siteorigin-panels-stretch panel-row-style panel-row-style-for-15174-0\" data-stretch-type=\"full-width-stretch\" ><div id=\"pgc-15174-0-0\"  class=\"panel-grid-cell\" ><div id=\"panel-15174-0-0-0\" class=\"so-panel widget widget_sow-editor panel-first-child panel-last-child\" data-index=\"0\" ><div class=\"panel-widget-style panel-widget-style-for-15174-0-0-0\" ><div\n\t\t\t\n\t\t\tclass=\"so-widget-sow-editor so-widget-sow-editor-base\"\n\t\t\t\n\t\t>\n<div class=\"siteorigin-widget-tinymce textwidget\">\n\t<p><span style=\"font-size: 20px; color: #808080; font-family: 'arial black', sans-serif;\"><strong>Neni 10 Raporti i rezultatit PAP-TEST<\/strong><\/span><br \/>\n<span style=\"color: #333399; font-size: 20px;\"><strong><span style=\"font-family: arial, helvetica, sans-serif;\">Regjistrimi i rezultatit t\u00eb provimit PAP-TEST i paraprin njoftimit t\u00eb p\u00ebrfituesit.<\/span><\/strong><\/span><br \/>\n<span style=\"color: #333399; font-size: 20px;\"><strong><span style=\"font-family: arial, helvetica, sans-serif;\">P\u00ebr rezultatin e ekzaminimit dhe p\u00ebr fazat e m\u00ebtejshme t\u00eb zbatimit t\u00eb veprimit, p\u00ebrfituesi njoftohet nga mjeku i nj\u00ebsis\u00eb s\u00eb kujdesit sh\u00ebndet\u00ebsor ku \u00ebsht\u00eb b\u00ebr\u00eb referimi, me shkrim.<\/span><\/strong><\/span><\/p>\n<p><img loading=\"lazy\" decoding=\"async\" class=\"aligncenter wp-image-15244 size-large\" src=\"https:\/\/doctorvasiliadis.gr\/wp-content\/uploads\/2024\/07\/pap4alb-1024x503.png\" alt=\"\" width=\"1024\" height=\"503\" srcset=\"https:\/\/doctorvasiliadis.gr\/wp-content\/uploads\/2024\/07\/pap4alb-1024x503.png 1024w, https:\/\/doctorvasiliadis.gr\/wp-content\/uploads\/2024\/07\/pap4alb-300x147.png 300w, https:\/\/doctorvasiliadis.gr\/wp-content\/uploads\/2024\/07\/pap4alb-768x377.png 768w, https:\/\/doctorvasiliadis.gr\/wp-content\/uploads\/2024\/07\/pap4alb.png 1434w\" sizes=\"auto, (max-width: 1024px) 100vw, 1024px\" \/><\/p>\n<p style=\"text-align: center;\"><strong><span style=\"font-size: 24px; font-family: arial, helvetica, sans-serif;\"><span style=\"color: #808080;\"><span style=\"color: #333333;\">mund t\u00eb caktoni nj\u00eb takim p\u00ebr n\u00eb klinik\u00ebn e Athin\u00ebs <\/span> <a href=\"https:\/\/doctorvasiliadis.gr\/?page_id=16926\">online k\u00ebtu<\/a><br \/>\n<span style=\"color: #333333;\">ose ne tel 2105203353<\/span><br \/>\n<span style=\"color: #333333;\">p\u00ebr t\u00eb b\u00ebr\u00eb kolposkopi dhe biopsi pa pages\u00eb<br \/>\n\u039camia jon\u00eb do t'ju ndihmoj\u00eb gjat\u00eb gjith\u00eb procesit<br \/>\nN\u00eb klinik\u00ebn e Athin\u00ebs do t\u00eb na gjeni <a href=\"https:\/\/www.google.gr\/maps\/place\/%CE%98%CE%B5%CF%8C%CE%B4%CF%89%CF%81%CE%BF%CF%82+%CE%9E%CE%B5%CE%BD.+%CE%92%CE%B1%CF%83%CE%B9%CE%BB%CE%B5%CE%B9%CE%AC%CE%B4%CE%B7%CF%82,+%CE%9C%CE%B1%CE%B9%CE%B5%CF%85%CF%84%CE%AE%CF%81%CE%B1%CF%82+%CE%A7%CE%B5%CE%B9%CF%81%CE%BF%CF%8D%CF%81%CE%B3%CE%BF%CF%82+%CE%93%CF%85%CE%BD%CE%B1%CE%B9%CE%BA%CE%BF%CE%BB%CF%8C%CE%B3%CE%BF%CF%82\/@37.9870568,23.7274492,15z\/data=!4m6!3m5!1s0x14a1bd2e2774f331:0x7aef8af1441b9dee!8m2!3d37.9872234!4d23.7273184!16s%2Fg%2F1tcwb_4k?entry=ttu&amp;g_ep=EgoyMDI0MTAwOS4wIKXMDSoASAFQAw%3D%3D\">k\u00ebtu<\/a><br \/>\n<\/span><\/span><\/span><\/strong><\/p>\n<\/div>\n<\/div><\/div><\/div><\/div><\/div><\/div><div id=\"pg-15174-1\"  class=\"panel-grid panel-no-style\" ><div id=\"pgc-15174-1-0\"  class=\"panel-grid-cell\" ><div id=\"panel-15174-1-0-0\" class=\"so-panel widget widget_sow-button panel-first-child panel-last-child\" data-index=\"1\" ><div\n\t\t\t\n\t\t\tclass=\"so-widget-sow-button so-widget-sow-button-flat-2c870981db18-15174\"\n\t\t\t\n\t\t><div class=\"ow-button-base ow-button-align-center\"\n>\n\t\t\t<a\n\t\t\t\t\thref=\"https:\/\/doctorvasiliadis.gr\/?page_id=15157\"\n\t\t\t\t\tclass=\"sowb-button ow-icon-placement-left ow-button-hover\" \t>\n\t\t<span>\n\t\t\t\n\t\t\tKush merr pjes\u00eb n\u00eb aksion?\t\t<\/span>\n\t\t\t<\/a>\n\t<\/div>\n<\/div><\/div><\/div><div id=\"pgc-15174-1-1\"  class=\"panel-grid-cell\" ><div id=\"panel-15174-1-1-0\" class=\"so-panel widget widget_sow-button panel-first-child panel-last-child\" data-index=\"2\" ><div\n\t\t\t\n\t\t\tclass=\"so-widget-sow-button so-widget-sow-button-flat-2c870981db18-15174\"\n\t\t\t\n\t\t><div class=\"ow-button-base ow-button-align-center\"\n>\n\t\t\t<a\n\t\t\t\t\thref=\"https:\/\/doctorvasiliadis.gr\/?page_id=15169\"\n\t\t\t\t\tclass=\"sowb-button ow-icon-placement-left ow-button-hover\" \t>\n\t\t<span>\n\t\t\t\n\t\t\tSi merr pjes\u00eb ajo n\u00eb aksion?\t\t<\/span>\n\t\t\t<\/a>\n\t<\/div>\n<\/div><\/div><\/div><div id=\"pgc-15174-1-2\"  class=\"panel-grid-cell\" ><div id=\"panel-15174-1-2-0\" class=\"so-panel widget widget_sow-button panel-first-child panel-last-child\" data-index=\"3\" ><div\n\t\t\t\n\t\t\tclass=\"so-widget-sow-button so-widget-sow-button-flat-2c870981db18-15174\"\n\t\t\t\n\t\t><div class=\"ow-button-base ow-button-align-center\"\n>\n\t\t\t<a\n\t\t\t\t\thref=\"https:\/\/doctorvasiliadis.gr\/?page_id=15196\"\n\t\t\t\t\tclass=\"sowb-button ow-icon-placement-left ow-button-hover\" \t>\n\t\t<span>\n\t\t\t\n\t\t\t\u03a1ezultat i thyerjes HPV-DNA\t\t<\/span>\n\t\t\t<\/a>\n\t<\/div>\n<\/div><\/div><\/div><div id=\"pgc-15174-1-3\"  class=\"panel-grid-cell\" ><div id=\"panel-15174-1-3-0\" class=\"so-panel widget widget_sow-button panel-first-child panel-last-child\" data-index=\"4\" ><div\n\t\t\t\n\t\t\tclass=\"so-widget-sow-button so-widget-sow-button-flat-2c870981db18-15174\"\n\t\t\t\n\t\t><div class=\"ow-button-base ow-button-align-center\"\n>\n\t\t\t<a\n\t\t\t\t\thref=\"https:\/\/doctorvasiliadis.gr\/?page_id=15138\"\n\t\t\t\t\tclass=\"sowb-button ow-icon-placement-left ow-button-hover\" \t>\n\t\t<span>\n\t\t\t\n\t\t\tKthehu n\u00eb faqen kryesore\t\t<\/span>\n\t\t\t<\/a>\n\t<\/div>\n<\/div><\/div><\/div><\/div><div id=\"pg-15174-2\"  class=\"panel-grid panel-has-style\" ><div class=\"siteorigin-panels-stretch panel-row-style panel-row-style-for-15174-2\" id=\"contact\" data-stretch-type=\"full\" ><div id=\"pgc-15174-2-0\"  class=\"panel-grid-cell\" ><div id=\"panel-15174-2-0-0\" class=\"so-panel widget widget_sow-headline panel-first-child\" data-index=\"5\" ><div class=\"panel-widget-style panel-widget-style-for-15174-2-0-0\" ><div\n\t\t\t\n\t\t\tclass=\"so-widget-sow-headline so-widget-sow-headline-default-8271a778755c-15174 so-widget-fittext-wrapper\"\n\t\t\t data-fit-text-compressor=\"0.85\"\n\t\t><div class=\"sow-headline-container \">\n\t\t\t\t\t\t\t<h2 class=\"sow-headline\">\n\t\t\t\t\t\t<b>NA KONTAKTONI <\/b>...\t\t\t\t\t\t<\/h2>\n\t\t\t\t\t\t\t\t\t\t\t\t<p class=\"sow-sub-headline\">\n\t\t\t\t\t\td\u00ebrgoni numrin tuaj AMKA n\u00eb m\u00ebnyr\u00eb q\u00eb ne t'ju tregojm\u00eb n\u00ebse keni nj\u00eb referim ose keni caktuar nj\u00eb takim\t\t\t\t\t\t<\/p>\n\t\t\t\t\t\t<\/div>\n<\/div><\/div><\/div><div id=\"panel-15174-2-0-1\" class=\"so-panel widget widget_sow-contact-form panel-last-child\" data-index=\"6\" ><div class=\"panel-widget-style panel-widget-style-for-15174-2-0-1\" ><div\n\t\t\t\n\t\t\tclass=\"so-widget-sow-contact-form so-widget-sow-contact-form-default-da4a6127525b-15174\"\n\t\t\t\n\t\t>\t<form\n\t\taction=\"\/index.php?rest_route=%2Fwp%2Fv2%2Fpages%2F15174\"\n\t\tmethod=\"POST\"\n\t\tclass=\"sow-contact-form\"\n\t\tid=\"contact-form-23f5\"\n\t>\n\n\t\t\n\t\t            <p><em>Ju lutemi plot\u00ebsoni t\u00eb gjitha<\/em><\/p>\n\t\t\t\t\t\t<div class=\"sow-form-field sow-form-field-name\">\n\t\t\t\t<label class=\"sow-form-field-label-above\" for=\"sow-contact-form-field-emri-1\">\n\t\t\t\t<strong>\n\t\t\t\t\tEmri\t\t\t\t\t\t\t\t\t\t\t<span class=\"sow-form-field-required\">*<\/span>\n\t\t\t\t\t\t\t\t\t<\/strong>\n\t\t\t<\/label>\n\t\t\t\t\t\t\t<div class=\"sow-field-container\">\n\t\t\t\t\t\t\t<input\n\t\t\ttype=\"text\"\n\t\t\tname=\"emri-1\"\n\t\t\tid=\"sow-contact-form-field-emri-1\"\n\t\t\tvalue=\"\"\n\t\t\tclass=\"sow-text-field\"\n\t\t\t\t\t\t\t\t\/>\n\t\t\t\t\t\t<\/div>\n\t\t\t\t\t\t\t<\/div>\n\t\t\t\t\t\t<div class=\"sow-form-field sow-form-field-email\">\n\t\t\t\t<label class=\"sow-form-field-label-above\" for=\"sow-contact-form-field-email-i-juaj-1\">\n\t\t\t\t<strong>\n\t\t\t\t\tEmail-i juaj\t\t\t\t\t\t\t\t\t\t\t<span class=\"sow-form-field-required\">*<\/span>\n\t\t\t\t\t\t\t\t\t<\/strong>\n\t\t\t<\/label>\n\t\t\t\t\t\t\t<div class=\"sow-field-container\">\n\t\t\t\t\t\t\t<input\n\t\t\ttype=\"email\"\n\t\t\tname=\"email-i-juaj-1\"\n\t\t\tid=\"sow-contact-form-field-email-i-juaj-1\"\n\t\t\tvalue=\"\"\n\t\t\tclass=\"sow-text-field\"\t\t\t\t\t\t\t\t\/>\n\t\t\t\t\t\t<\/div>\n\t\t\t\t\t\t\t<\/div>\n\t\t\t\t\t\t<div class=\"sow-form-field sow-form-field-subject\">\n\t\t\t\t<label class=\"sow-form-field-label-above\" for=\"sow-contact-form-field-subjekt-1\">\n\t\t\t\t<strong>\n\t\t\t\t\tsubjekt\t\t\t\t\t\t\t\t\t\t\t<span class=\"sow-form-field-required\">*<\/span>\n\t\t\t\t\t\t\t\t\t<\/strong>\n\t\t\t<\/label>\n\t\t\t\t\t\t\t<div class=\"sow-field-container\">\n\t\t\t\t\t\t\t<input\n\t\t\ttype=\"text\"\n\t\t\tname=\"subjekt-1\"\n\t\t\tid=\"sow-contact-form-field-subjekt-1\"\n\t\t\tvalue=\"\"\n\t\t\tclass=\"sow-text-field\"\n\t\t\t\t\t\t\t\t\/>\n\t\t\t\t\t\t<\/div>\n\t\t\t\t\t\t\t<\/div>\n\t\t\t\t\t\t<div class=\"sow-form-field sow-form-field-textarea\">\n\t\t\t\t<label class=\"sow-form-field-label-above\" for=\"sow-contact-form-field-mesazh-1\">\n\t\t\t\t<strong>\n\t\t\t\t\tMESAZH\t\t\t\t\t\t\t\t\t\t\t<span class=\"sow-form-field-required\">*<\/span>\n\t\t\t\t\t\t\t\t\t<\/strong>\n\t\t\t<\/label>\n\t\t\t\t\t\t\t<div class=\"sow-field-container\">\n\t\t\t\t\t\t\t<textarea\n\t\t\tname=\"mesazh-1\"\n\t\t\tid=\"sow-contact-form-field-mesazh-1\"\n\t\t\trows=\"10\"\n\t\t\t\t\t\t\t\t><\/textarea>\n\t\t\t\t\t\t<\/div>\n\t\t\t\t\t\t\t<\/div>\n\t\t\t\n\t\t\t\t\t<div class=\"sow-recaptcha\"\n\t\t\t\t\t\t\t\t\tdata-config=\"{&quot;sitekey&quot;:&quot;6Le-I0UoAAAAAOiGXLBANSJLvHlOUBGiu7g8kn00&quot;,&quot;theme&quot;:&quot;light&quot;,&quot;type&quot;:&quot;image&quot;,&quot;size&quot;:&quot;normal&quot;}\"\n\t\t\t\t\t\t\t><\/div>\n\t\t\t\n\t\t<div class=\"sow-submit-wrapper \n\t\tsow-submit-styled\t\t\">\n\n\t\t\t<button\n\t\t\t\ttype=\"submit\"\n\t\t\t\tclass=\"sow-submit\n\t\t\t\t\t\t\t\t\"\n\t\t\t\t\t\t\t>\n\t\t\t\tParaqisni\t\t\t<\/button>\n\t\t<\/div>\n\t\t\t\t<input\n\t\t\ttype=\"hidden\"\n\t\t\tname=\"instance_hash-1\"\n\t\t\tvalue=\"23f52a3a\"\n\t\t\/>\n\n\t\t<input type=\"hidden\" id=\"_wpnonce\" name=\"_wpnonce\" value=\"76925304aa\" \/><input type=\"hidden\" name=\"_wp_http_referer\" value=\"\/index.php?rest_route=%2Fwp%2Fv2%2Fpages%2F15174\" \/>\t<\/form>\n\t<\/div><\/div><\/div><\/div><\/div><\/div><\/div>","protected":false},"excerpt":{"rendered":"<p>Neni 10 Raporti i rezultatit PAP-TEST Regjistrimi i rezultatit t\u00eb provimit PAP-TEST i paraprin njoftimit t\u00eb p\u00ebrfituesit. P\u00ebr rezultatin e ekzaminimit dhe p\u00ebr fazat e m\u00ebtejshme t\u00eb zbatimit t\u00eb veprimit, p\u00ebrfituesi njoftohet nga mjeku i nj\u00ebsis\u00eb s\u00eb kujdesit sh\u00ebndet\u00ebsor ku \u00ebsht\u00eb b\u00ebr\u00eb referimi, me shkrim. mund t\u00eb caktoni nj\u00eb takim p\u00ebr n\u00eb klinik\u00ebn e Athin\u00ebs [&hellip;]<\/p>\n","protected":false},"author":1,"featured_media":0,"parent":0,"menu_order":0,"comment_status":"closed","ping_status":"closed","template":"","meta":{"footnotes":""},"class_list":["post-15174","page","type-page","status-publish","hentry","post"],"_links":{"self":[{"href":"https:\/\/doctorvasiliadis.gr\/index.php?rest_route=\/wp\/v2\/pages\/15174","targetHints":{"allow":["GET"]}}],"collection":[{"href":"https:\/\/doctorvasiliadis.gr\/index.php?rest_route=\/wp\/v2\/pages"}],"about":[{"href":"https:\/\/doctorvasiliadis.gr\/index.php?rest_route=\/wp\/v2\/types\/page"}],"author":[{"embeddable":true,"href":"https:\/\/doctorvasiliadis.gr\/index.php?rest_route=\/wp\/v2\/users\/1"}],"replies":[{"embeddable":true,"href":"https:\/\/doctorvasiliadis.gr\/index.php?rest_route=%2Fwp%2Fv2%2Fcomments&post=15174"}],"version-history":[{"count":3,"href":"https:\/\/doctorvasiliadis.gr\/index.php?rest_route=\/wp\/v2\/pages\/15174\/revisions"}],"predecessor-version":[{"id":17577,"href":"https:\/\/doctorvasiliadis.gr\/index.php?rest_route=\/wp\/v2\/pages\/15174\/revisions\/17577"}],"wp:attachment":[{"href":"https:\/\/doctorvasiliadis.gr\/index.php?rest_route=%2Fwp%2Fv2%2Fmedia&parent=15174"}],"curies":[{"name":"wp","href":"https:\/\/api.w.org\/{rel}","templated":true}]}}