{"id":15169,"date":"2024-07-21T09:40:13","date_gmt":"2024-07-21T06:40:13","guid":{"rendered":"https:\/\/doctorvasiliadis.gr\/?page_id=15169"},"modified":"2024-12-30T20:34:42","modified_gmt":"2024-12-30T18:34:42","slug":"paphowalb","status":"publish","type":"page","link":"https:\/\/doctorvasiliadis.gr\/?page_id=15169","title":{"rendered":"paphowalb"},"content":{"rendered":"<div id=\"pl-15169\"  class=\"panel-layout\" ><div id=\"pg-15169-0\"  class=\"panel-grid panel-has-style\" ><div class=\"siteorigin-panels-stretch panel-row-style panel-row-style-for-15169-0\" data-stretch-type=\"full-width-stretch\" ><div id=\"pgc-15169-0-0\"  class=\"panel-grid-cell\" ><div id=\"panel-15169-0-0-0\" class=\"so-panel widget widget_sow-accordion panel-first-child panel-last-child\" data-index=\"0\" ><div class=\"panel-widget-style panel-widget-style-for-15169-0-0-0\" ><div\n\t\t\t\n\t\t\tclass=\"so-widget-sow-accordion so-widget-sow-accordion-default-3f0ab4387594-15169\"\n\t\t\t data-max-open-panels=\"1\" data-initial-scroll-panel=\"0\" data-anchor-id=\"pappos\"\n\t\t><h3 class=\"widget-title\">Neni 3 Kushtet dhe procedura p\u00ebr pjes\u00ebmarrjen e p\u00ebrfituesve n\u00eb aksion<\/h3><div>\n\t<div class=\"sow-accordion\">\n\t\t\t<div class=\"sow-accordion-panel\n\t\t\t\t\t\"\n\t\t\t\tdata-anchor-id=\"ju-jeni-nga-21-deri-ne-29-vjec-dhe-keni-te-aktivizuar-receten-jomateriale\">\n\t\t\t\t\t<div class=\"sow-accordion-panel-header-container\" role=\"heading\" aria-level=\"2\">\n\t\t\t\t\t<div class=\"sow-accordion-panel-header\" tabindex=\"0\" role=\"button\" id=\"accordion-label-ju-jeni-nga-21-deri-n%c3%ab-29-vje%c3%a7-dhe-keni-t%c3%ab-aktivizuar-recet%c3%abn-jomateriale\" aria-controls=\"accordion-content-ju-jeni-nga-21-deri-n%c3%ab-29-vje%c3%a7-dhe-keni-t%c3%ab-aktivizuar-recet%c3%abn-jomateriale\" aria-expanded=\"false\">\n\t\t\t\t\t\t<div class=\"sow-accordion-title sow-accordion-title-icon-left\">\n\t\t\t\t\t\t\t\t\t\t\t\t\t\tJu jeni nga 21 deri n\u00eb 29 vje\u00e7 dhe keni t\u00eb aktivizuar recet\u00ebn jomateriale\t\t\t\t\t\t\t\t\t\t\t\t\t<\/div>\n\t\t\t\t\t\t<div class=\"sow-accordion-open-close-button\">\n\t\t\t\t\t\t\t<div class=\"sow-accordion-open-button\">\n\t\t\t\t\t\t\t\t<span class=\"sow-icon-fontawesome sow-fas\" data-sow-icon=\"&#xf107;\"\n\t\t \n\t\taria-hidden=\"true\"><\/span>\t\t\t\t\t\t\t<\/div>\n\t\t\t\t\t\t\t<div class=\"sow-accordion-close-button\">\n\t\t\t\t\t\t\t\t<span class=\"sow-icon-fontawesome sow-fas\" data-sow-icon=\"&#xf106;\"\n\t\t \n\t\taria-hidden=\"true\"><\/span>\t\t\t\t\t\t\t<\/div>\n\t\t\t\t\t\t<\/div>\n\t\t\t\t\t<\/div>\n\t\t\t\t<\/div>\n\n\t\t\t<div\n\t\t\t\tclass=\"sow-accordion-panel-content\"\n\t\t\t\trole=\"region\"\n\t\t\t\taria-labelledby=\"accordion-label-ju-jeni-nga-21-deri-n%c3%ab-29-vje%c3%a7-dhe-keni-t%c3%ab-aktivizuar-recet%c3%abn-jomateriale\"\n\t\t\t\tid=\"accordion-content-ju-jeni-nga-21-deri-n%c3%ab-29-vje%c3%a7-dhe-keni-t%c3%ab-aktivizuar-recet%c3%abn-jomateriale\"\n\t\t\t\tstyle=\"display: none;\"\t\t\t>\n\t\t\t\t<div class=\"sow-accordion-panel-border\">\n\t\t\t\t\t<p style=\"text-align: center;\"><strong><span style=\"font-size: 20px; font-family: arial, helvetica, sans-serif; color: #000080;\">N\u00ebse jeni 21 deri n\u00eb 29 vje\u00e7, a keni AMKA dhe a e keni aktivizuar aplikacionin p\u00ebr recet\u00eb jomateriale?<\/span><\/strong><\/p>\n<p style=\"text-align: center;\"><span style=\"font-size: 20px; font-family: arial, helvetica, sans-serif;\"><strong>\u00a0 \u00a0 <span style=\"color: #800000;\">\u2666\u00a0 do t\u00eb merrni nj\u00eb mesazh nga <span style=\"color: #ff0000;\">IDIKA<\/span> me <span style=\"color: #ff0000;\">SMS<\/span> ose <span style=\"color: #ff0000;\">e-mail<\/span><br \/>\ndhe do t\u00eb merrni nj\u00eb referim p\u00ebr t\u00eb b\u00ebr\u00eb nj\u00eb <span style=\"color: #ff0000;\">pap-test dhe ekzaminim gjinekologjik<\/span>\u00a0falas<\/span><\/strong><\/span><\/p>\n<p>&nbsp;<\/p>\n<p style=\"text-align: center;\"><strong><span style=\"font-size: 24px; font-family: arial, helvetica, sans-serif;\"><span style=\"color: #808080;\"><span style=\"color: #333333;\">mund t\u00eb caktoni nj\u00eb takim p\u00ebr n\u00eb klinik\u00ebn e Athin\u00ebs <\/span> <a href=\"https:\/\/doctorvasiliadis.gr\/?page_id=16926\">online k\u00ebtu<\/a><br \/>\n<span style=\"color: #333333;\">ose ne tel 2105203353<\/span><br \/>\n<span style=\"color: #333333;\">p\u00ebr t\u00eb b\u00ebr\u00eb Pap testin pa pages\u00eb<br \/>\n\u039camia jon\u00eb do t'ju ndihmoj\u00eb gjat\u00eb gjith\u00eb procesit<br \/>\nN\u00eb klinik\u00ebn e Athin\u00ebs do t\u00eb na gjeni <a href=\"https:\/\/www.google.gr\/maps\/place\/%CE%98%CE%B5%CF%8C%CE%B4%CF%89%CF%81%CE%BF%CF%82+%CE%9E%CE%B5%CE%BD.+%CE%92%CE%B1%CF%83%CE%B9%CE%BB%CE%B5%CE%B9%CE%AC%CE%B4%CE%B7%CF%82,+%CE%9C%CE%B1%CE%B9%CE%B5%CF%85%CF%84%CE%AE%CF%81%CE%B1%CF%82+%CE%A7%CE%B5%CE%B9%CF%81%CE%BF%CF%8D%CF%81%CE%B3%CE%BF%CF%82+%CE%93%CF%85%CE%BD%CE%B1%CE%B9%CE%BA%CE%BF%CE%BB%CF%8C%CE%B3%CE%BF%CF%82\/@37.9870568,23.7274492,15z\/data=!4m6!3m5!1s0x14a1bd2e2774f331:0x7aef8af1441b9dee!8m2!3d37.9872234!4d23.7273184!16s%2Fg%2F1tcwb_4k?entry=ttu&amp;g_ep=EgoyMDI0MTAwOS4wIKXMDSoASAFQAw%3D%3D\">k\u00ebtu<\/a><br \/>\n<\/span><br \/>\n<\/span><\/span><\/strong><\/p>\n\t\t\t\t<\/div>\n\t\t\t<\/div>\n\t\t<\/div>\n\t\t\t<div class=\"sow-accordion-panel\n\t\t\t\t\t\"\n\t\t\t\tdata-anchor-id=\"ju-jeni-21-deri-ne-29-vjec-dhe-nuk-keni-te-aktivizuar-receten-fizike\">\n\t\t\t\t\t<div class=\"sow-accordion-panel-header-container\" role=\"heading\" aria-level=\"2\">\n\t\t\t\t\t<div class=\"sow-accordion-panel-header\" tabindex=\"0\" role=\"button\" id=\"accordion-label-ju-jeni-21-deri-n%c3%ab-29-vje%c3%a7-dhe-nuk-keni-t%c3%ab-aktivizuar-recet%c3%abn-fizike\" aria-controls=\"accordion-content-ju-jeni-21-deri-n%c3%ab-29-vje%c3%a7-dhe-nuk-keni-t%c3%ab-aktivizuar-recet%c3%abn-fizike\" aria-expanded=\"false\">\n\t\t\t\t\t\t<div class=\"sow-accordion-title sow-accordion-title-icon-left\">\n\t\t\t\t\t\t\t\t\t\t\t\t\t\tJu jeni 21 deri n\u00eb 29 vje\u00e7 dhe NUK keni t\u00eb aktivizuar recet\u00ebn fizike\t\t\t\t\t\t\t\t\t\t\t\t\t<\/div>\n\t\t\t\t\t\t<div class=\"sow-accordion-open-close-button\">\n\t\t\t\t\t\t\t<div class=\"sow-accordion-open-button\">\n\t\t\t\t\t\t\t\t<span class=\"sow-icon-fontawesome sow-fas\" data-sow-icon=\"&#xf107;\"\n\t\t \n\t\taria-hidden=\"true\"><\/span>\t\t\t\t\t\t\t<\/div>\n\t\t\t\t\t\t\t<div class=\"sow-accordion-close-button\">\n\t\t\t\t\t\t\t\t<span class=\"sow-icon-fontawesome sow-fas\" data-sow-icon=\"&#xf106;\"\n\t\t \n\t\taria-hidden=\"true\"><\/span>\t\t\t\t\t\t\t<\/div>\n\t\t\t\t\t\t<\/div>\n\t\t\t\t\t<\/div>\n\t\t\t\t<\/div>\n\n\t\t\t<div\n\t\t\t\tclass=\"sow-accordion-panel-content\"\n\t\t\t\trole=\"region\"\n\t\t\t\taria-labelledby=\"accordion-label-ju-jeni-21-deri-n%c3%ab-29-vje%c3%a7-dhe-nuk-keni-t%c3%ab-aktivizuar-recet%c3%abn-fizike\"\n\t\t\t\tid=\"accordion-content-ju-jeni-21-deri-n%c3%ab-29-vje%c3%a7-dhe-nuk-keni-t%c3%ab-aktivizuar-recet%c3%abn-fizike\"\n\t\t\t\tstyle=\"display: none;\"\t\t\t>\n\t\t\t\t<div class=\"sow-accordion-panel-border\">\n\t\t\t\t\t<p style=\"text-align: center;\"><strong><span style=\"font-size: 20px; font-family: arial, helvetica, sans-serif; color: #000080;\">N\u00ebse jeni 21 deri n\u00eb 29 vje\u00e7, keni AMKA dhe NUK keni aktivizuar aplikacionin p\u00ebr recet\u00eb fizike?<\/span><\/strong><\/p>\n<p style=\"text-align: center;\"><span style=\"font-size: 20px; font-family: arial, helvetica, sans-serif; color: #800000;\"><strong>\u2666\u00a0 Do t\u00eb na d\u00ebrgoni <span style=\"color: #ff0000;\">AMKA-n\u00eb<\/span> tuaj p\u00ebr t\u00eb kontrolluar n\u00ebse ju \u00ebsht\u00eb dh\u00ebn\u00eb nj\u00eb referim p\u00ebr <span style=\"color: #ff0000;\">pap-testin \/ ekzaminim gjinekologjik<\/span> dhe ne do t'ju njoftojm\u00eb me <span style=\"color: #ff0000;\">SMS<\/span> ose <span style=\"color: #ff0000;\">e-mail<\/span> p\u00ebr t\u00eb caktuar nj\u00eb takim<\/strong><\/span><\/p>\n<p style=\"text-align: center;\"><span style=\"font-family: arial, helvetica, sans-serif;\"><a href=\"https:\/\/doctorvasiliadis.gr\/?page_id=16890\"><span style=\"font-size: 20px;\"><strong>Na kontaktoni duke klikuar k\u00ebtu p\u00ebr t\u00eb na d\u00ebrguar AMKA-n\u00eb tuaj<\/strong><\/span><\/a><\/span><\/p>\n<p style=\"text-align: center;\"><strong><span style=\"font-size: 24px; font-family: arial, helvetica, sans-serif;\"><span style=\"color: #808080;\"><span style=\"color: #333333;\">mund t\u00eb caktoni nj\u00eb takim p\u00ebr n\u00eb klinik\u00ebn e Athin\u00ebs <\/span> <a href=\"https:\/\/doctorvasiliadis.gr\/?page_id=16926\">online k\u00ebtu<\/a><br \/>\n<span style=\"color: #333333;\">ose ne tel 2105203353<\/span><br \/>\n<span style=\"color: #333333;\">p\u00ebr t\u00eb b\u00ebr\u00eb Pap testin pa pages\u00eb<br \/>\n\u039camia jon\u00eb do t'ju ndihmoj\u00eb gjat\u00eb gjith\u00eb procesit<br \/>\nN\u00eb klinik\u00ebn e Athin\u00ebs do t\u00eb na gjeni <a href=\"https:\/\/www.google.gr\/maps\/place\/%CE%98%CE%B5%CF%8C%CE%B4%CF%89%CF%81%CE%BF%CF%82+%CE%9E%CE%B5%CE%BD.+%CE%92%CE%B1%CF%83%CE%B9%CE%BB%CE%B5%CE%B9%CE%AC%CE%B4%CE%B7%CF%82,+%CE%9C%CE%B1%CE%B9%CE%B5%CF%85%CF%84%CE%AE%CF%81%CE%B1%CF%82+%CE%A7%CE%B5%CE%B9%CF%81%CE%BF%CF%8D%CF%81%CE%B3%CE%BF%CF%82+%CE%93%CF%85%CE%BD%CE%B1%CE%B9%CE%BA%CE%BF%CE%BB%CF%8C%CE%B3%CE%BF%CF%82\/@37.9870568,23.7274492,15z\/data=!4m6!3m5!1s0x14a1bd2e2774f331:0x7aef8af1441b9dee!8m2!3d37.9872234!4d23.7273184!16s%2Fg%2F1tcwb_4k?entry=ttu&amp;g_ep=EgoyMDI0MTAwOS4wIKXMDSoASAFQAw%3D%3D\">k\u00ebtu<\/a><\/span><\/span><\/span><\/strong><\/p>\n\t\t\t\t<\/div>\n\t\t\t<\/div>\n\t\t<\/div>\n\t\t\t<div class=\"sow-accordion-panel\n\t\t\t\t\t\"\n\t\t\t\tdata-anchor-id=\"ju-jeni-30-deri-ne-65-vjec-dhe-keni-te-aktivizuar-receten-jomateriale\">\n\t\t\t\t\t<div class=\"sow-accordion-panel-header-container\" role=\"heading\" aria-level=\"2\">\n\t\t\t\t\t<div class=\"sow-accordion-panel-header\" tabindex=\"0\" role=\"button\" id=\"accordion-label-ju-jeni-30-deri-n%c3%ab-65-vje%c3%a7-dhe-keni-t%c3%ab-aktivizuar-recet%c3%abn-jomateriale\" aria-controls=\"accordion-content-ju-jeni-30-deri-n%c3%ab-65-vje%c3%a7-dhe-keni-t%c3%ab-aktivizuar-recet%c3%abn-jomateriale\" aria-expanded=\"false\">\n\t\t\t\t\t\t<div class=\"sow-accordion-title sow-accordion-title-icon-left\">\n\t\t\t\t\t\t\t\t\t\t\t\t\t\tJu jeni 30 deri n\u00eb 65 vje\u00e7 dhe keni t\u00eb aktivizuar recet\u00ebn jomateriale\t\t\t\t\t\t\t\t\t\t\t\t\t<\/div>\n\t\t\t\t\t\t<div class=\"sow-accordion-open-close-button\">\n\t\t\t\t\t\t\t<div class=\"sow-accordion-open-button\">\n\t\t\t\t\t\t\t\t<span class=\"sow-icon-fontawesome sow-fas\" data-sow-icon=\"&#xf107;\"\n\t\t \n\t\taria-hidden=\"true\"><\/span>\t\t\t\t\t\t\t<\/div>\n\t\t\t\t\t\t\t<div class=\"sow-accordion-close-button\">\n\t\t\t\t\t\t\t\t<span class=\"sow-icon-fontawesome sow-fas\" data-sow-icon=\"&#xf106;\"\n\t\t \n\t\taria-hidden=\"true\"><\/span>\t\t\t\t\t\t\t<\/div>\n\t\t\t\t\t\t<\/div>\n\t\t\t\t\t<\/div>\n\t\t\t\t<\/div>\n\n\t\t\t<div\n\t\t\t\tclass=\"sow-accordion-panel-content\"\n\t\t\t\trole=\"region\"\n\t\t\t\taria-labelledby=\"accordion-label-ju-jeni-30-deri-n%c3%ab-65-vje%c3%a7-dhe-keni-t%c3%ab-aktivizuar-recet%c3%abn-jomateriale\"\n\t\t\t\tid=\"accordion-content-ju-jeni-30-deri-n%c3%ab-65-vje%c3%a7-dhe-keni-t%c3%ab-aktivizuar-recet%c3%abn-jomateriale\"\n\t\t\t\tstyle=\"display: none;\"\t\t\t>\n\t\t\t\t<div class=\"sow-accordion-panel-border\">\n\t\t\t\t\t<p style=\"text-align: center;\"><strong><span style=\"font-size: 20px; font-family: arial, helvetica, sans-serif; color: #000080;\">Ju jeni 30 deri n\u00eb 65 vje\u00e7, keni AMKA dhe keni aktivizuar aplikacionin e recet\u00ebs jomateriale ?<\/span><\/strong><\/p>\n<p style=\"text-align: center;\"><span style=\"font-size: 20px; font-family: arial, helvetica, sans-serif;\"><strong>\u00a0 <span style=\"color: #800000;\">\u2666\u00a0 do t\u00eb merrni nj\u00eb mesazh nga <span style=\"color: #ff0000;\">IDIKA<\/span> me <span style=\"color: #ff0000;\">SMS<\/span> ose <span style=\"color: #ff0000;\">e-mail<\/span><br \/>\ndhe do t\u00eb merrni nj\u00eb referim p\u00ebr t\u00eb b\u00ebr\u00eb nj\u00eb <span style=\"color: #ff0000;\">HPV-DNA<\/span> \/ <span style=\"color: #ff0000;\">ekzaminim gjinekologjik<\/span> falas<\/span><\/strong><\/span><\/p>\n<p>&nbsp;<\/p>\n<p style=\"text-align: center;\"><strong><span style=\"font-size: 24px; font-family: arial, helvetica, sans-serif;\"><span style=\"color: #808080;\"><span style=\"color: #333333;\">mund t\u00eb caktoni nj\u00eb takim p\u00ebr n\u00eb klinik\u00ebn e Athin\u00ebs <\/span> <a href=\"https:\/\/doctorvasiliadis.gr\/?page_id=16926\">online k\u00ebtu<\/a><br \/>\n<span style=\"color: #333333;\">ose ne tel 2105203353<\/span><br \/>\n<span style=\"color: #333333;\">p\u00ebr t\u00eb b\u00ebr\u00eb HPV-DNA testin pa pages\u00eb<br \/>\n\u039camia jon\u00eb do t'ju ndihmoj\u00eb gjat\u00eb gjith\u00eb procesit<br \/>\nN\u00eb klinik\u00ebn e Athin\u00ebs do t\u00eb na gjeni <a href=\"https:\/\/www.google.gr\/maps\/place\/%CE%98%CE%B5%CF%8C%CE%B4%CF%89%CF%81%CE%BF%CF%82+%CE%9E%CE%B5%CE%BD.+%CE%92%CE%B1%CF%83%CE%B9%CE%BB%CE%B5%CE%B9%CE%AC%CE%B4%CE%B7%CF%82,+%CE%9C%CE%B1%CE%B9%CE%B5%CF%85%CF%84%CE%AE%CF%81%CE%B1%CF%82+%CE%A7%CE%B5%CE%B9%CF%81%CE%BF%CF%8D%CF%81%CE%B3%CE%BF%CF%82+%CE%93%CF%85%CE%BD%CE%B1%CE%B9%CE%BA%CE%BF%CE%BB%CF%8C%CE%B3%CE%BF%CF%82\/@37.9870568,23.7274492,15z\/data=!4m6!3m5!1s0x14a1bd2e2774f331:0x7aef8af1441b9dee!8m2!3d37.9872234!4d23.7273184!16s%2Fg%2F1tcwb_4k?entry=ttu&amp;g_ep=EgoyMDI0MTAwOS4wIKXMDSoASAFQAw%3D%3D\">k\u00ebtu<\/a><\/span><\/span><\/span><\/strong><\/p>\n\t\t\t\t<\/div>\n\t\t\t<\/div>\n\t\t<\/div>\n\t\t\t<div class=\"sow-accordion-panel\n\t\t\t\t\t\"\n\t\t\t\tdata-anchor-id=\"ju-jeni-30-deri-ne-65-vjec-dhe-nuk-e-keni-te-aktivizuar-receten-jomateriale\">\n\t\t\t\t\t<div class=\"sow-accordion-panel-header-container\" role=\"heading\" aria-level=\"2\">\n\t\t\t\t\t<div class=\"sow-accordion-panel-header\" tabindex=\"0\" role=\"button\" id=\"accordion-label-ju-jeni-30-deri-n%c3%ab-65-vje%c3%a7-dhe-nuk-e-keni-t%c3%ab-aktivizuar-recet%c3%abn-jomateriale\" aria-controls=\"accordion-content-ju-jeni-30-deri-n%c3%ab-65-vje%c3%a7-dhe-nuk-e-keni-t%c3%ab-aktivizuar-recet%c3%abn-jomateriale\" aria-expanded=\"false\">\n\t\t\t\t\t\t<div class=\"sow-accordion-title sow-accordion-title-icon-left\">\n\t\t\t\t\t\t\t\t\t\t\t\t\t\tJu jeni 30 deri n\u00eb 65 vje\u00e7 dhe NUK e keni t\u00eb aktivizuar recet\u00ebn jomateriale\t\t\t\t\t\t\t\t\t\t\t\t\t<\/div>\n\t\t\t\t\t\t<div class=\"sow-accordion-open-close-button\">\n\t\t\t\t\t\t\t<div class=\"sow-accordion-open-button\">\n\t\t\t\t\t\t\t\t<span class=\"sow-icon-fontawesome sow-fas\" data-sow-icon=\"&#xf107;\"\n\t\t \n\t\taria-hidden=\"true\"><\/span>\t\t\t\t\t\t\t<\/div>\n\t\t\t\t\t\t\t<div class=\"sow-accordion-close-button\">\n\t\t\t\t\t\t\t\t<span class=\"sow-icon-fontawesome sow-fas\" data-sow-icon=\"&#xf106;\"\n\t\t \n\t\taria-hidden=\"true\"><\/span>\t\t\t\t\t\t\t<\/div>\n\t\t\t\t\t\t<\/div>\n\t\t\t\t\t<\/div>\n\t\t\t\t<\/div>\n\n\t\t\t<div\n\t\t\t\tclass=\"sow-accordion-panel-content\"\n\t\t\t\trole=\"region\"\n\t\t\t\taria-labelledby=\"accordion-label-ju-jeni-30-deri-n%c3%ab-65-vje%c3%a7-dhe-nuk-e-keni-t%c3%ab-aktivizuar-recet%c3%abn-jomateriale\"\n\t\t\t\tid=\"accordion-content-ju-jeni-30-deri-n%c3%ab-65-vje%c3%a7-dhe-nuk-e-keni-t%c3%ab-aktivizuar-recet%c3%abn-jomateriale\"\n\t\t\t\tstyle=\"display: none;\"\t\t\t>\n\t\t\t\t<div class=\"sow-accordion-panel-border\">\n\t\t\t\t\t<p style=\"text-align: center;\"><strong><span style=\"font-size: 20px; font-family: arial, helvetica, sans-serif; color: #000080;\">N\u00ebse jeni 30 deri n\u00eb 65 vje\u00e7, keni AMKA dhe NUK keni aktivizuar aplikacionin p\u00ebr recet\u00eb fizike?<\/span><\/strong><\/p>\n<p style=\"text-align: center;\"><span style=\"font-size: 20px; font-family: arial, helvetica, sans-serif; color: #800000;\"><strong><span style=\"color: #800000;\">\u2666\u00a0 Do t\u00eb na d\u00ebrgoni <\/span><span style=\"color: #ff0000;\">AMKA-n\u00eb<\/span><span style=\"color: #800000;\"> tuaj p\u00ebr t\u00eb kontrolluar n\u00ebse ju \u00ebsht\u00eb dh\u00ebn\u00eb nj\u00eb referim p\u00ebr testin e ADN-s\u00eb p\u00ebr <\/span><span style=\"color: #ff0000;\">HPV<\/span><span style=\"color: #800000;\"> \/\u00a0<\/span> <span style=\"color: #800000;\">dhe ne do t'ju njoftojm\u00eb me<\/span><span style=\"color: #ff0000;\"> SMS<\/span><span style=\"color: #800000;\"> ose <\/span><span style=\"color: #ff0000;\">e-mail<\/span><span style=\"color: #800000;\"> p\u00ebr t\u00eb caktuar nj\u00eb takim<\/span><\/strong><\/span><\/p>\n<p style=\"text-align: center;\"><span style=\"font-family: arial, helvetica, sans-serif;\"><a href=\"https:\/\/doctorvasiliadis.gr\/?page_id=16890\"><span style=\"font-size: 20px;\"><strong>Na kontaktoni duke klikuar k\u00ebtu p\u00ebr t\u00eb na d\u00ebrguar AMKA-n\u00eb tuaj<\/strong><\/span><\/a><\/span><\/p>\n<p style=\"text-align: center;\"><strong><span style=\"font-size: 24px; font-family: arial, helvetica, sans-serif;\"><span style=\"color: #808080;\"><span style=\"color: #333333;\">mund t\u00eb caktoni nj\u00eb takim p\u00ebr n\u00eb klinik\u00ebn e Athin\u00ebs <\/span> <a href=\"https:\/\/doctorvasiliadis.gr\/?page_id=16926\">online k\u00ebtu<\/a><br \/>\n<span style=\"color: #333333;\">ose ne tel 2105203353<\/span><br \/>\n<span style=\"color: #333333;\">p\u00ebr t\u00eb b\u00ebr\u00eb HPV-DNA testin pa pages\u00eb<br \/>\n\u039camia jon\u00eb do t'ju ndihmoj\u00eb gjat\u00eb gjith\u00eb procesit<br \/>\nN\u00eb klinik\u00ebn e Athin\u00ebs do t\u00eb na gjeni <a href=\"https:\/\/www.google.gr\/maps\/place\/%CE%98%CE%B5%CF%8C%CE%B4%CF%89%CF%81%CE%BF%CF%82+%CE%9E%CE%B5%CE%BD.+%CE%92%CE%B1%CF%83%CE%B9%CE%BB%CE%B5%CE%B9%CE%AC%CE%B4%CE%B7%CF%82,+%CE%9C%CE%B1%CE%B9%CE%B5%CF%85%CF%84%CE%AE%CF%81%CE%B1%CF%82+%CE%A7%CE%B5%CE%B9%CF%81%CE%BF%CF%8D%CF%81%CE%B3%CE%BF%CF%82+%CE%93%CF%85%CE%BD%CE%B1%CE%B9%CE%BA%CE%BF%CE%BB%CF%8C%CE%B3%CE%BF%CF%82\/@37.9870568,23.7274492,15z\/data=!4m6!3m5!1s0x14a1bd2e2774f331:0x7aef8af1441b9dee!8m2!3d37.9872234!4d23.7273184!16s%2Fg%2F1tcwb_4k?entry=ttu&amp;g_ep=EgoyMDI0MTAwOS4wIKXMDSoASAFQAw%3D%3D\">k\u00ebtu<\/a><\/span><\/span><\/span><\/strong><\/p>\n\t\t\t\t<\/div>\n\t\t\t<\/div>\n\t\t<\/div>\n\t\t<\/div>\n<\/div>\n<\/div><\/div><\/div><\/div><\/div><\/div><div id=\"pg-15169-1\"  class=\"panel-grid panel-no-style\" ><div id=\"pgc-15169-1-0\"  class=\"panel-grid-cell\" ><div id=\"panel-15169-1-0-0\" class=\"so-panel widget widget_sow-button panel-first-child panel-last-child\" data-index=\"1\" ><div\n\t\t\t\n\t\t\tclass=\"so-widget-sow-button so-widget-sow-button-flat-2c870981db18-15169\"\n\t\t\t\n\t\t><div class=\"ow-button-base ow-button-align-center\"\n>\n\t\t\t<a\n\t\t\t\t\thref=\"https:\/\/doctorvasiliadis.gr\/?page_id=15157\"\n\t\t\t\t\tclass=\"sowb-button ow-icon-placement-left ow-button-hover\" \t>\n\t\t<span>\n\t\t\t\n\t\t\tKush merr pjes\u00eb n\u00eb aksion?\t\t<\/span>\n\t\t\t<\/a>\n\t<\/div>\n<\/div><\/div><\/div><div id=\"pgc-15169-1-1\"  class=\"panel-grid-cell\" ><div id=\"panel-15169-1-1-0\" class=\"so-panel widget widget_sow-button panel-first-child panel-last-child\" data-index=\"2\" ><div\n\t\t\t\n\t\t\tclass=\"so-widget-sow-button so-widget-sow-button-flat-2c870981db18-15169\"\n\t\t\t\n\t\t><div class=\"ow-button-base ow-button-align-center\"\n>\n\t\t\t<a\n\t\t\t\t\thref=\"https:\/\/doctorvasiliadis.gr\/?page_id=15174\"\n\t\t\t\t\tclass=\"sowb-button ow-icon-placement-left ow-button-hover\" \t>\n\t\t<span>\n\t\t\t\n\t\t\t\u03a1ezultat i thyerjes Pap-Test\t\t<\/span>\n\t\t\t<\/a>\n\t<\/div>\n<\/div><\/div><\/div><div id=\"pgc-15169-1-2\"  class=\"panel-grid-cell\" ><div id=\"panel-15169-1-2-0\" class=\"so-panel widget widget_sow-button panel-first-child panel-last-child\" data-index=\"3\" ><div\n\t\t\t\n\t\t\tclass=\"so-widget-sow-button so-widget-sow-button-flat-2c870981db18-15169\"\n\t\t\t\n\t\t><div class=\"ow-button-base ow-button-align-center\"\n>\n\t\t\t<a\n\t\t\t\t\thref=\"https:\/\/doctorvasiliadis.gr\/?page_id=15196\"\n\t\t\t\t\tclass=\"sowb-button ow-icon-placement-left ow-button-hover\" \t>\n\t\t<span>\n\t\t\t\n\t\t\t\u03a1ezultat i thyerjes HPV-DNA\t\t<\/span>\n\t\t\t<\/a>\n\t<\/div>\n<\/div><\/div><\/div><div id=\"pgc-15169-1-3\"  class=\"panel-grid-cell\" ><div id=\"panel-15169-1-3-0\" class=\"so-panel widget widget_sow-button panel-first-child panel-last-child\" data-index=\"4\" ><div\n\t\t\t\n\t\t\tclass=\"so-widget-sow-button so-widget-sow-button-flat-2c870981db18-15169\"\n\t\t\t\n\t\t><div class=\"ow-button-base ow-button-align-center\"\n>\n\t\t\t<a\n\t\t\t\t\thref=\"https:\/\/doctorvasiliadis.gr\/?page_id=15138\"\n\t\t\t\t\tclass=\"sowb-button ow-icon-placement-left ow-button-hover\" \t>\n\t\t<span>\n\t\t\t\n\t\t\tKthehu n\u00eb faqen kryesore\t\t<\/span>\n\t\t\t<\/a>\n\t<\/div>\n<\/div><\/div><\/div><\/div><div id=\"pg-15169-2\"  class=\"panel-grid panel-has-style\" ><div class=\"siteorigin-panels-stretch panel-row-style panel-row-style-for-15169-2\" id=\"contact\" data-stretch-type=\"full\" ><div id=\"pgc-15169-2-0\"  class=\"panel-grid-cell\" ><div id=\"panel-15169-2-0-0\" class=\"so-panel widget widget_sow-headline panel-first-child\" data-index=\"5\" ><div class=\"panel-widget-style panel-widget-style-for-15169-2-0-0\" ><div\n\t\t\t\n\t\t\tclass=\"so-widget-sow-headline so-widget-sow-headline-default-8271a778755c-15169 so-widget-fittext-wrapper\"\n\t\t\t data-fit-text-compressor=\"0.85\"\n\t\t><div class=\"sow-headline-container \">\n\t\t\t\t\t\t\t<h2 class=\"sow-headline\">\n\t\t\t\t\t\t<b>NA KONTAKTONI <\/b>...\t\t\t\t\t\t<\/h2>\n\t\t\t\t\t\t\t\t\t\t\t\t<p class=\"sow-sub-headline\">\n\t\t\t\t\t\td\u00ebrgoni numrin tuaj AMKA n\u00eb m\u00ebnyr\u00eb q\u00eb ne t'ju tregojm\u00eb n\u00ebse keni nj\u00eb referim ose keni caktuar nj\u00eb takim\t\t\t\t\t\t<\/p>\n\t\t\t\t\t\t<\/div>\n<\/div><\/div><\/div><div id=\"panel-15169-2-0-1\" class=\"so-panel widget widget_sow-contact-form panel-last-child\" data-index=\"6\" ><div class=\"panel-widget-style panel-widget-style-for-15169-2-0-1\" ><div\n\t\t\t\n\t\t\tclass=\"so-widget-sow-contact-form so-widget-sow-contact-form-default-da4a6127525b-15169\"\n\t\t\t\n\t\t>\t<form\n\t\taction=\"\/index.php?rest_route=%2Fwp%2Fv2%2Fpages%2F15169\"\n\t\tmethod=\"POST\"\n\t\tclass=\"sow-contact-form\"\n\t\tid=\"contact-form-e0c6\"\n\t>\n\n\t\t\n\t\t            <p><em>Ju lutemi plot\u00ebsoni t\u00eb gjitha<\/em><\/p>\n\t\t\t\t\t\t<div class=\"sow-form-field sow-form-field-name\">\n\t\t\t\t<label class=\"sow-form-field-label-above\" for=\"sow-contact-form-field-emri-1\">\n\t\t\t\t<strong>\n\t\t\t\t\tEmri\t\t\t\t\t\t\t\t\t\t\t<span class=\"sow-form-field-required\">*<\/span>\n\t\t\t\t\t\t\t\t\t<\/strong>\n\t\t\t<\/label>\n\t\t\t\t\t\t\t<div class=\"sow-field-container\">\n\t\t\t\t\t\t\t<input\n\t\t\ttype=\"text\"\n\t\t\tname=\"emri-1\"\n\t\t\tid=\"sow-contact-form-field-emri-1\"\n\t\t\tvalue=\"\"\n\t\t\tclass=\"sow-text-field\"\n\t\t\t\t\t\t\t\t\/>\n\t\t\t\t\t\t<\/div>\n\t\t\t\t\t\t\t<\/div>\n\t\t\t\t\t\t<div class=\"sow-form-field sow-form-field-email\">\n\t\t\t\t<label class=\"sow-form-field-label-above\" for=\"sow-contact-form-field-email-i-juaj-1\">\n\t\t\t\t<strong>\n\t\t\t\t\tEmail-i juaj\t\t\t\t\t\t\t\t\t\t\t<span class=\"sow-form-field-required\">*<\/span>\n\t\t\t\t\t\t\t\t\t<\/strong>\n\t\t\t<\/label>\n\t\t\t\t\t\t\t<div class=\"sow-field-container\">\n\t\t\t\t\t\t\t<input\n\t\t\ttype=\"email\"\n\t\t\tname=\"email-i-juaj-1\"\n\t\t\tid=\"sow-contact-form-field-email-i-juaj-1\"\n\t\t\tvalue=\"\"\n\t\t\tclass=\"sow-text-field\"\t\t\t\t\t\t\t\t\/>\n\t\t\t\t\t\t<\/div>\n\t\t\t\t\t\t\t<\/div>\n\t\t\t\t\t\t<div class=\"sow-form-field sow-form-field-subject\">\n\t\t\t\t<label class=\"sow-form-field-label-above\" for=\"sow-contact-form-field-subjekt-1\">\n\t\t\t\t<strong>\n\t\t\t\t\tsubjekt\t\t\t\t\t\t\t\t\t\t\t<span class=\"sow-form-field-required\">*<\/span>\n\t\t\t\t\t\t\t\t\t<\/strong>\n\t\t\t<\/label>\n\t\t\t\t\t\t\t<div class=\"sow-field-container\">\n\t\t\t\t\t\t\t<input\n\t\t\ttype=\"text\"\n\t\t\tname=\"subjekt-1\"\n\t\t\tid=\"sow-contact-form-field-subjekt-1\"\n\t\t\tvalue=\"\"\n\t\t\tclass=\"sow-text-field\"\n\t\t\t\t\t\t\t\t\/>\n\t\t\t\t\t\t<\/div>\n\t\t\t\t\t\t\t<\/div>\n\t\t\t\t\t\t<div class=\"sow-form-field sow-form-field-textarea\">\n\t\t\t\t<label class=\"sow-form-field-label-above\" for=\"sow-contact-form-field-mesazh-1\">\n\t\t\t\t<strong>\n\t\t\t\t\tMESAZH\t\t\t\t\t\t\t\t\t\t\t<span class=\"sow-form-field-required\">*<\/span>\n\t\t\t\t\t\t\t\t\t<\/strong>\n\t\t\t<\/label>\n\t\t\t\t\t\t\t<div class=\"sow-field-container\">\n\t\t\t\t\t\t\t<textarea\n\t\t\tname=\"mesazh-1\"\n\t\t\tid=\"sow-contact-form-field-mesazh-1\"\n\t\t\trows=\"10\"\n\t\t\t\t\t\t\t\t><\/textarea>\n\t\t\t\t\t\t<\/div>\n\t\t\t\t\t\t\t<\/div>\n\t\t\t\n\t\t\t\t\t<div class=\"sow-recaptcha\"\n\t\t\t\t\t\t\t\t\tdata-config=\"{&quot;sitekey&quot;:&quot;6Le-I0UoAAAAAOiGXLBANSJLvHlOUBGiu7g8kn00&quot;,&quot;theme&quot;:&quot;light&quot;,&quot;type&quot;:&quot;image&quot;,&quot;size&quot;:&quot;normal&quot;}\"\n\t\t\t\t\t\t\t><\/div>\n\t\t\t\n\t\t<div class=\"sow-submit-wrapper \n\t\tsow-submit-styled\t\t\">\n\n\t\t\t<button\n\t\t\t\ttype=\"submit\"\n\t\t\t\tclass=\"sow-submit\n\t\t\t\t\t\t\t\t\"\n\t\t\t\t\t\t\t>\n\t\t\t\tParaqisni\t\t\t<\/button>\n\t\t<\/div>\n\t\t\t\t<input\n\t\t\ttype=\"hidden\"\n\t\t\tname=\"instance_hash-1\"\n\t\t\tvalue=\"e0c6dead\"\n\t\t\/>\n\n\t\t<input type=\"hidden\" id=\"_wpnonce\" name=\"_wpnonce\" value=\"76925304aa\" \/><input type=\"hidden\" name=\"_wp_http_referer\" value=\"\/index.php?rest_route=%2Fwp%2Fv2%2Fpages%2F15169\" \/>\t<\/form>\n\t<\/div><\/div><\/div><\/div><\/div><\/div><\/div>","protected":false},"excerpt":{"rendered":"<p>Neni 3 Kushtet dhe procedura p\u00ebr pjes\u00ebmarrjen e p\u00ebrfituesve n\u00eb aksion Ju jeni nga 21 deri n\u00eb 29 vje\u00e7 dhe keni t\u00eb aktivizuar recet\u00ebn jomateriale N\u00ebse jeni 21 deri n\u00eb 29 vje\u00e7, a keni AMKA dhe a e keni aktivizuar aplikacionin p\u00ebr recet\u00eb jomateriale? \u00a0 \u00a0 \u2666\u00a0 do t\u00eb merrni nj\u00eb mesazh nga IDIKA me [&hellip;]<\/p>\n","protected":false},"author":1,"featured_media":0,"parent":0,"menu_order":0,"comment_status":"closed","ping_status":"closed","template":"","meta":{"footnotes":""},"class_list":["post-15169","page","type-page","status-publish","hentry","post"],"_links":{"self":[{"href":"https:\/\/doctorvasiliadis.gr\/index.php?rest_route=\/wp\/v2\/pages\/15169","targetHints":{"allow":["GET"]}}],"collection":[{"href":"https:\/\/doctorvasiliadis.gr\/index.php?rest_route=\/wp\/v2\/pages"}],"about":[{"href":"https:\/\/doctorvasiliadis.gr\/index.php?rest_route=\/wp\/v2\/types\/page"}],"author":[{"embeddable":true,"href":"https:\/\/doctorvasiliadis.gr\/index.php?rest_route=\/wp\/v2\/users\/1"}],"replies":[{"embeddable":true,"href":"https:\/\/doctorvasiliadis.gr\/index.php?rest_route=%2Fwp%2Fv2%2Fcomments&post=15169"}],"version-history":[{"count":8,"href":"https:\/\/doctorvasiliadis.gr\/index.php?rest_route=\/wp\/v2\/pages\/15169\/revisions"}],"predecessor-version":[{"id":17565,"href":"https:\/\/doctorvasiliadis.gr\/index.php?rest_route=\/wp\/v2\/pages\/15169\/revisions\/17565"}],"wp:attachment":[{"href":"https:\/\/doctorvasiliadis.gr\/index.php?rest_route=%2Fwp%2Fv2%2Fmedia&parent=15169"}],"curies":[{"name":"wp","href":"https:\/\/api.w.org\/{rel}","templated":true}]}}