{"id":15138,"date":"2024-07-21T08:22:04","date_gmt":"2024-07-21T05:22:04","guid":{"rendered":"https:\/\/doctorvasiliadis.gr\/?page_id=15138"},"modified":"2024-11-24T12:04:16","modified_gmt":"2024-11-24T10:04:16","slug":"papamenalb","status":"publish","type":"page","link":"https:\/\/doctorvasiliadis.gr\/?page_id=15138","title":{"rendered":"papamenalb"},"content":{"rendered":"<div id=\"pl-15138\"  class=\"panel-layout\" ><div id=\"pg-15138-0\"  class=\"panel-grid panel-no-style\" ><div id=\"pgc-15138-0-0\"  class=\"panel-grid-cell\" ><div id=\"panel-15138-0-0-0\" class=\"so-panel widget widget_sow-image-grid panel-first-child panel-last-child\" data-index=\"0\" ><div\n\t\t\t\n\t\t\tclass=\"so-widget-sow-image-grid so-widget-sow-image-grid-default-8bf08a9600e8-15138\"\n\t\t\t\n\t\t>\t<div\n\t\tclass=\"sow-image-grid-wrapper\"\n\t\t\t\tdata-max-height=\"40\"\t>\n\t\t\t\t\t<div class=\"sow-image-grid-image\">\n\t\t\t\t\t\t\t\t\t\t\t\t\t<a href=\"https:\/\/doctorvasiliadis.gr\/?page_id=15094\"\n\t\t\t\t\t>\n\t\t\t\t\t\t\t\t<img loading=\"lazy\" decoding=\"async\" width=\"134\" height=\"95\" src=\"https:\/\/doctorvasiliadis.gr\/wp-content\/uploads\/2024\/07\/greece.png\" class=\"sow-image-grid-image_html\" alt=\"\" title=\"\" \/>\t\t\t\t\t\t\t\t\t<\/a>\n\t\t\t\t\t\t\t\t\t\t\t<\/div>\n\t\t\t\t\t<div class=\"sow-image-grid-image\">\n\t\t\t\t\t\t\t\t\t\t\t\t\t<a href=\"https:\/\/doctorvasiliadis.gr\/?page_id=15108\"\n\t\t\t\t\t>\n\t\t\t\t\t\t\t\t<img loading=\"lazy\" decoding=\"async\" width=\"133\" height=\"74\" src=\"https:\/\/doctorvasiliadis.gr\/wp-content\/uploads\/2024\/07\/uk.png\" class=\"sow-image-grid-image_html\" alt=\"\" title=\"\" \/>\t\t\t\t\t\t\t\t\t<\/a>\n\t\t\t\t\t\t\t\t\t\t\t<\/div>\n\t\t\t\t\t<div class=\"sow-image-grid-image\">\n\t\t\t\t\t\t\t\t\t\t\t\t\t<a href=\"https:\/\/doctorvasiliadis.gr\/?page_id=15138\"\n\t\t\t\t\t>\n\t\t\t\t\t\t\t\t<img loading=\"lazy\" decoding=\"async\" width=\"133\" height=\"99\" src=\"https:\/\/doctorvasiliadis.gr\/wp-content\/uploads\/2024\/07\/albania.png\" class=\"sow-image-grid-image_html\" alt=\"\" title=\"\" \/>\t\t\t\t\t\t\t\t\t<\/a>\n\t\t\t\t\t\t\t\t\t\t\t<\/div>\n\t\t\t\t\t<div class=\"sow-image-grid-image\">\n\t\t\t\t\t\t\t\t\t\t\t\t\t<a href=\"https:\/\/doctorvasiliadis.gr\/?page_id=15142\"\n\t\t\t\t\t>\n\t\t\t\t\t\t\t\t<img loading=\"lazy\" decoding=\"async\" width=\"130\" height=\"88\" src=\"https:\/\/doctorvasiliadis.gr\/wp-content\/uploads\/2024\/07\/turk.png\" class=\"sow-image-grid-image_html\" alt=\"\" title=\"\" \/>\t\t\t\t\t\t\t\t\t<\/a>\n\t\t\t\t\t\t\t\t\t\t\t<\/div>\n\t\t\t<\/div>\n<\/div><\/div><\/div><\/div><div id=\"pg-15138-1\"  class=\"panel-grid panel-no-style\" ><div id=\"pgc-15138-1-0\"  class=\"panel-grid-cell panel-grid-cell-empty\" ><\/div><div id=\"pgc-15138-1-1\"  class=\"panel-grid-cell panel-grid-cell-mobile-last\" ><div id=\"panel-15138-1-1-0\" class=\"so-panel widget widget_sow-editor panel-first-child panel-last-child\" data-index=\"1\" ><div class=\"panel-widget-style panel-widget-style-for-15138-1-1-0\" ><div\n\t\t\t\n\t\t\tclass=\"so-widget-sow-editor so-widget-sow-editor-base\"\n\t\t\t\n\t\t>\n<div class=\"siteorigin-widget-tinymce textwidget\">\n\t<h1 style=\"text-align: center;\"><strong><span style=\"color: #333399; font-family: arial, helvetica, sans-serif;\">Ne marrim pjes\u00eb n\u00eb Programin Komb\u00ebtar Grek t\u00eb Parandalimit t\u00eb Kancerit t\u00eb Qaf\u00ebs s\u00eb Mitr\u00ebs<br \/>\nn\u00eb dispozicion p\u00ebr t\u00eb gjith\u00eb emigrant\u00ebt q\u00eb kan\u00eb nj\u00eb num\u00ebr AMKA<\/span><\/strong><\/h1>\n<\/div>\n<\/div><\/div><\/div><\/div><div id=\"pgc-15138-1-2\"  class=\"panel-grid-cell panel-grid-cell-empty\" ><\/div><\/div><div id=\"pg-15138-2\"  class=\"panel-grid panel-no-style\" ><div id=\"pgc-15138-2-0\"  class=\"panel-grid-cell\" ><div id=\"panel-15138-2-0-0\" class=\"so-panel widget widget_sow-button panel-first-child panel-last-child\" data-index=\"2\" ><div\n\t\t\t\n\t\t\tclass=\"so-widget-sow-button so-widget-sow-button-flat-2c870981db18-15138\"\n\t\t\t\n\t\t><div class=\"ow-button-base ow-button-align-center\"\n>\n\t\t\t<a\n\t\t\t\t\thref=\"https:\/\/doctorvasiliadis.gr\/?page_id=15157\"\n\t\t\t\t\tclass=\"sowb-button ow-icon-placement-left ow-button-hover\" \t>\n\t\t<span>\n\t\t\t\n\t\t\tKush merr pjes\u00eb n\u00eb aksion?\t\t<\/span>\n\t\t\t<\/a>\n\t<\/div>\n<\/div><\/div><\/div><div id=\"pgc-15138-2-1\"  class=\"panel-grid-cell\" ><div id=\"panel-15138-2-1-0\" class=\"so-panel widget widget_sow-button panel-first-child panel-last-child\" data-index=\"3\" ><div\n\t\t\t\n\t\t\tclass=\"so-widget-sow-button so-widget-sow-button-flat-2c870981db18-15138\"\n\t\t\t\n\t\t><div class=\"ow-button-base ow-button-align-center\"\n>\n\t\t\t<a\n\t\t\t\t\thref=\"https:\/\/doctorvasiliadis.gr\/?page_id=15169\"\n\t\t\t\t\tclass=\"sowb-button ow-icon-placement-left ow-button-hover\" \t>\n\t\t<span>\n\t\t\t\n\t\t\tSi merr pjes\u00eb ajo n\u00eb aksion?\t\t<\/span>\n\t\t\t<\/a>\n\t<\/div>\n<\/div><\/div><\/div><div id=\"pgc-15138-2-2\"  class=\"panel-grid-cell\" ><div id=\"panel-15138-2-2-0\" class=\"so-panel widget widget_sow-button panel-first-child panel-last-child\" data-index=\"4\" ><div\n\t\t\t\n\t\t\tclass=\"so-widget-sow-button so-widget-sow-button-flat-2c870981db18-15138\"\n\t\t\t\n\t\t><div class=\"ow-button-base ow-button-align-center\"\n>\n\t\t\t<a\n\t\t\t\t\thref=\"https:\/\/doctorvasiliadis.gr\/?page_id=15174\"\n\t\t\t\t\tclass=\"sowb-button ow-icon-placement-left ow-button-hover\" \t>\n\t\t<span>\n\t\t\t\n\t\t\t\u03a1ezultat i thyerjes Pap-Test\t\t<\/span>\n\t\t\t<\/a>\n\t<\/div>\n<\/div><\/div><\/div><div id=\"pgc-15138-2-3\"  class=\"panel-grid-cell\" ><div id=\"panel-15138-2-3-0\" class=\"so-panel widget widget_sow-button panel-first-child panel-last-child\" data-index=\"5\" ><div\n\t\t\t\n\t\t\tclass=\"so-widget-sow-button so-widget-sow-button-flat-2c870981db18-15138\"\n\t\t\t\n\t\t><div class=\"ow-button-base ow-button-align-center\"\n>\n\t\t\t<a\n\t\t\t\t\thref=\"https:\/\/doctorvasiliadis.gr\/?page_id=15196\"\n\t\t\t\t\tclass=\"sowb-button ow-icon-placement-left ow-button-hover\" \t>\n\t\t<span>\n\t\t\t\n\t\t\t\u03a1ezultat i thyerjes HPV-DNA\t\t<\/span>\n\t\t\t<\/a>\n\t<\/div>\n<\/div><\/div><\/div><\/div><div id=\"pg-15138-3\"  class=\"panel-grid panel-no-style\" ><div id=\"pgc-15138-3-0\"  class=\"panel-grid-cell panel-grid-cell-empty\" ><\/div><div id=\"pgc-15138-3-1\"  class=\"panel-grid-cell panel-grid-cell-mobile-last\" ><div id=\"panel-15138-3-1-0\" class=\"so-panel widget widget_sow-button panel-first-child panel-last-child\" data-index=\"6\" ><div\n\t\t\t\n\t\t\tclass=\"so-widget-sow-button so-widget-sow-button-flat-eec06a6f45a5-15138\"\n\t\t\t\n\t\t><div class=\"ow-button-base ow-button-align-center\"\n>\n\t\t\t<a\n\t\t\t\t\thref=\"https:\/\/doctorvasiliadis.gr\/?page_id=672\"\n\t\t\t\t\tclass=\"sowb-button ow-icon-placement-left ow-button-hover\" \t>\n\t\t<span>\n\t\t\t\n\t\t\tRezervoni nj\u00eb takim t\u00eb menj\u00ebhersh\u00ebm p\u00ebr klinik\u00ebn e Athin\u00ebs online k\u00ebtu\t\t<\/span>\n\t\t\t<\/a>\n\t<\/div>\n<\/div><\/div><\/div><div id=\"pgc-15138-3-2\"  class=\"panel-grid-cell panel-grid-cell-empty\" ><\/div><\/div><div id=\"pg-15138-4\"  class=\"panel-grid panel-has-style\" ><div class=\"siteorigin-panels-stretch panel-row-style panel-row-style-for-15138-4\" id=\"contact\" data-stretch-type=\"full\" ><div id=\"pgc-15138-4-0\"  class=\"panel-grid-cell\" ><div id=\"panel-15138-4-0-0\" class=\"so-panel widget widget_sow-headline panel-first-child\" data-index=\"7\" ><div class=\"panel-widget-style panel-widget-style-for-15138-4-0-0\" ><div\n\t\t\t\n\t\t\tclass=\"so-widget-sow-headline so-widget-sow-headline-default-8271a778755c-15138 so-widget-fittext-wrapper\"\n\t\t\t data-fit-text-compressor=\"0.85\"\n\t\t><div class=\"sow-headline-container \">\n\t\t\t\t\t\t\t<h2 class=\"sow-headline\">\n\t\t\t\t\t\t<b>NA KONTAKTONI <\/b>...\t\t\t\t\t\t<\/h2>\n\t\t\t\t\t\t\t\t\t\t\t\t<p class=\"sow-sub-headline\">\n\t\t\t\t\t\td\u00ebrgoni numrin tuaj AMKA n\u00eb m\u00ebnyr\u00eb q\u00eb ne t'ju tregojm\u00eb n\u00ebse keni nj\u00eb referim ose keni caktuar nj\u00eb takim\t\t\t\t\t\t<\/p>\n\t\t\t\t\t\t<\/div>\n<\/div><\/div><\/div><div id=\"panel-15138-4-0-1\" class=\"so-panel widget widget_sow-contact-form panel-last-child\" data-index=\"8\" ><div class=\"panel-widget-style panel-widget-style-for-15138-4-0-1\" ><div\n\t\t\t\n\t\t\tclass=\"so-widget-sow-contact-form so-widget-sow-contact-form-default-da4a6127525b-15138\"\n\t\t\t\n\t\t>\t<form\n\t\taction=\"\/index.php?rest_route=%2Fwp%2Fv2%2Fpages%2F15138\"\n\t\tmethod=\"POST\"\n\t\tclass=\"sow-contact-form\"\n\t\tid=\"contact-form-9d77\"\n\t>\n\n\t\t\n\t\t            <p><em>Ju lutemi plot\u00ebsoni t\u00eb gjitha<\/em><\/p>\n\t\t\t\t\t\t<div class=\"sow-form-field sow-form-field-name\">\n\t\t\t\t<label class=\"sow-form-field-label-above\" for=\"sow-contact-form-field-emri-1\">\n\t\t\t\t<strong>\n\t\t\t\t\tEmri\t\t\t\t\t\t\t\t\t\t\t<span class=\"sow-form-field-required\">*<\/span>\n\t\t\t\t\t\t\t\t\t<\/strong>\n\t\t\t<\/label>\n\t\t\t\t\t\t\t<div class=\"sow-field-container\">\n\t\t\t\t\t\t\t<input\n\t\t\ttype=\"text\"\n\t\t\tname=\"emri-1\"\n\t\t\tid=\"sow-contact-form-field-emri-1\"\n\t\t\tvalue=\"\"\n\t\t\tclass=\"sow-text-field\"\n\t\t\t\t\t\t\t\t\/>\n\t\t\t\t\t\t<\/div>\n\t\t\t\t\t\t\t<\/div>\n\t\t\t\t\t\t<div class=\"sow-form-field sow-form-field-email\">\n\t\t\t\t<label class=\"sow-form-field-label-above\" for=\"sow-contact-form-field-email-i-juaj-1\">\n\t\t\t\t<strong>\n\t\t\t\t\tEmail-i juaj\t\t\t\t\t\t\t\t\t\t\t<span class=\"sow-form-field-required\">*<\/span>\n\t\t\t\t\t\t\t\t\t<\/strong>\n\t\t\t<\/label>\n\t\t\t\t\t\t\t<div class=\"sow-field-container\">\n\t\t\t\t\t\t\t<input\n\t\t\ttype=\"email\"\n\t\t\tname=\"email-i-juaj-1\"\n\t\t\tid=\"sow-contact-form-field-email-i-juaj-1\"\n\t\t\tvalue=\"\"\n\t\t\tclass=\"sow-text-field\"\t\t\t\t\t\t\t\t\/>\n\t\t\t\t\t\t<\/div>\n\t\t\t\t\t\t\t<\/div>\n\t\t\t\t\t\t<div class=\"sow-form-field sow-form-field-subject\">\n\t\t\t\t<label class=\"sow-form-field-label-above\" for=\"sow-contact-form-field-subjekt-1\">\n\t\t\t\t<strong>\n\t\t\t\t\tsubjekt\t\t\t\t\t\t\t\t\t\t\t<span class=\"sow-form-field-required\">*<\/span>\n\t\t\t\t\t\t\t\t\t<\/strong>\n\t\t\t<\/label>\n\t\t\t\t\t\t\t<div class=\"sow-field-container\">\n\t\t\t\t\t\t\t<input\n\t\t\ttype=\"text\"\n\t\t\tname=\"subjekt-1\"\n\t\t\tid=\"sow-contact-form-field-subjekt-1\"\n\t\t\tvalue=\"\"\n\t\t\tclass=\"sow-text-field\"\n\t\t\t\t\t\t\t\t\/>\n\t\t\t\t\t\t<\/div>\n\t\t\t\t\t\t\t<\/div>\n\t\t\t\t\t\t<div class=\"sow-form-field sow-form-field-textarea\">\n\t\t\t\t<label class=\"sow-form-field-label-above\" for=\"sow-contact-form-field-mesazh-1\">\n\t\t\t\t<strong>\n\t\t\t\t\tMESAZH\t\t\t\t\t\t\t\t\t\t\t<span class=\"sow-form-field-required\">*<\/span>\n\t\t\t\t\t\t\t\t\t<\/strong>\n\t\t\t<\/label>\n\t\t\t\t\t\t\t<div class=\"sow-field-container\">\n\t\t\t\t\t\t\t<textarea\n\t\t\tname=\"mesazh-1\"\n\t\t\tid=\"sow-contact-form-field-mesazh-1\"\n\t\t\trows=\"10\"\n\t\t\t\t\t\t\t\t><\/textarea>\n\t\t\t\t\t\t<\/div>\n\t\t\t\t\t\t\t<\/div>\n\t\t\t\n\t\t\t\t\t<div class=\"sow-recaptcha\"\n\t\t\t\t\t\t\t\t\tdata-config=\"{&quot;sitekey&quot;:&quot;6Le-I0UoAAAAAOiGXLBANSJLvHlOUBGiu7g8kn00&quot;,&quot;theme&quot;:&quot;light&quot;,&quot;type&quot;:&quot;image&quot;,&quot;size&quot;:&quot;normal&quot;}\"\n\t\t\t\t\t\t\t><\/div>\n\t\t\t\n\t\t<div class=\"sow-submit-wrapper \n\t\tsow-submit-styled\t\t\">\n\n\t\t\t<button\n\t\t\t\ttype=\"submit\"\n\t\t\t\tclass=\"sow-submit\n\t\t\t\t\t\t\t\t\"\n\t\t\t\t\t\t\t>\n\t\t\t\tParaqisni\t\t\t<\/button>\n\t\t<\/div>\n\t\t\t\t<input\n\t\t\ttype=\"hidden\"\n\t\t\tname=\"instance_hash-1\"\n\t\t\tvalue=\"9d77edf8\"\n\t\t\/>\n\n\t\t<input type=\"hidden\" id=\"_wpnonce\" name=\"_wpnonce\" value=\"76925304aa\" \/><input type=\"hidden\" name=\"_wp_http_referer\" value=\"\/index.php?rest_route=%2Fwp%2Fv2%2Fpages%2F15138\" \/>\t<\/form>\n\t<\/div><\/div><\/div><\/div><\/div><\/div><\/div>","protected":false},"excerpt":{"rendered":"<p>Ne marrim pjes\u00eb n\u00eb Programin Komb\u00ebtar Grek t\u00eb Parandalimit t\u00eb Kancerit t\u00eb Qaf\u00ebs s\u00eb Mitr\u00ebs n\u00eb dispozicion p\u00ebr t\u00eb gjith\u00eb emigrant\u00ebt q\u00eb kan\u00eb nj\u00eb num\u00ebr AMKA<\/p>\n","protected":false},"author":1,"featured_media":0,"parent":0,"menu_order":0,"comment_status":"closed","ping_status":"closed","template":"","meta":{"footnotes":""},"class_list":["post-15138","page","type-page","status-publish","hentry","post"],"_links":{"self":[{"href":"https:\/\/doctorvasiliadis.gr\/index.php?rest_route=\/wp\/v2\/pages\/15138","targetHints":{"allow":["GET"]}}],"collection":[{"href":"https:\/\/doctorvasiliadis.gr\/index.php?rest_route=\/wp\/v2\/pages"}],"about":[{"href":"https:\/\/doctorvasiliadis.gr\/index.php?rest_route=\/wp\/v2\/types\/page"}],"author":[{"embeddable":true,"href":"https:\/\/doctorvasiliadis.gr\/index.php?rest_route=\/wp\/v2\/users\/1"}],"replies":[{"embeddable":true,"href":"https:\/\/doctorvasiliadis.gr\/index.php?rest_route=%2Fwp%2Fv2%2Fcomments&post=15138"}],"version-history":[{"count":5,"href":"https:\/\/doctorvasiliadis.gr\/index.php?rest_route=\/wp\/v2\/pages\/15138\/revisions"}],"predecessor-version":[{"id":17456,"href":"https:\/\/doctorvasiliadis.gr\/index.php?rest_route=\/wp\/v2\/pages\/15138\/revisions\/17456"}],"wp:attachment":[{"href":"https:\/\/doctorvasiliadis.gr\/index.php?rest_route=%2Fwp%2Fv2%2Fmedia&parent=15138"}],"curies":[{"name":"wp","href":"https:\/\/api.w.org\/{rel}","templated":true}]}}